{"id":2840,"date":"2026-01-10T14:40:17","date_gmt":"2026-01-10T14:40:17","guid":{"rendered":"https:\/\/fibrasoma.group\/?page_id=2840"},"modified":"2026-02-11T20:37:17","modified_gmt":"2026-02-11T20:37:17","slug":"ir-contact","status":"publish","type":"page","link":"https:\/\/fibrasoma.group\/es\/investors\/ir-contact\/","title":{"rendered":"IR Contact"},"content":{"rendered":"\t\t<div data-elementor-type=\"wp-page\" data-elementor-id=\"2840\" class=\"elementor elementor-2840\" data-elementor-post-type=\"page\">\n\t\t\t\t<div class=\"elementor-element elementor-element-bbf5255 e-flex e-con-boxed e-con e-parent\" data-id=\"bbf5255\" data-element_type=\"container\" data-e-type=\"container\">\n\t\t\t\t\t<div class=\"e-con-inner\">\n\t\t\t\t\t<\/div>\n\t\t\t\t<\/div>\n\t\t<div class=\"elementor-element elementor-element-140982e e-flex e-con-boxed e-con e-parent\" data-id=\"140982e\" data-element_type=\"container\" data-e-type=\"container\">\n\t\t\t\t\t<div class=\"e-con-inner\">\n\t\t\t\t<div class=\"elementor-element elementor-element-392e7c6 elementor-widget elementor-widget-heading\" data-id=\"392e7c6\" data-element_type=\"widget\" data-e-type=\"widget\" data-widget_type=\"heading.default\">\n\t\t\t\t\t<h2 class=\"elementor-heading-title elementor-size-default\">Relaci\u00f3n con Inversionistas<\/h2>\t\t\t\t<\/div>\n\t\t\t\t\t<\/div>\n\t\t\t\t<\/div>\n\t\t<div class=\"elementor-element elementor-element-c74928c e-flex e-con-boxed e-con e-parent\" data-id=\"c74928c\" data-element_type=\"container\" data-e-type=\"container\">\n\t\t\t\t\t<div class=\"e-con-inner\">\n\t\t<div class=\"elementor-element elementor-element-f4713cf e-con-full e-flex e-con e-child\" data-id=\"f4713cf\" data-element_type=\"container\" data-e-type=\"container\">\n\t\t\t\t<div class=\"elementor-element elementor-element-72cd188 elementor-widget elementor-widget-image\" data-id=\"72cd188\" data-element_type=\"widget\" data-e-type=\"widget\" data-widget_type=\"image.default\">\n\t\t\t\t\t\t\t\t\t\t\t\t\t\t\t<img fetchpriority=\"high\" decoding=\"async\" width=\"768\" height=\"960\" src=\"https:\/\/fibrasoma.group\/wp-content\/uploads\/2020\/11\/Raul_Gutierrez-768x960.jpg\" class=\"attachment-medium_large size-medium_large wp-image-2031\" alt=\"\" srcset=\"https:\/\/fibrasoma.group\/wp-content\/uploads\/2020\/11\/Raul_Gutierrez-768x960.jpg 768w, https:\/\/fibrasoma.group\/wp-content\/uploads\/2020\/11\/Raul_Gutierrez-240x300.jpg 240w, https:\/\/fibrasoma.group\/wp-content\/uploads\/2020\/11\/Raul_Gutierrez-819x1024.jpg 819w, https:\/\/fibrasoma.group\/wp-content\/uploads\/2020\/11\/Raul_Gutierrez.jpg 823w\" sizes=\"(max-width: 768px) 100vw, 768px\" \/>\t\t\t\t\t\t\t\t\t\t\t\t\t\t\t<\/div>\n\t\t\t\t<\/div>\n\t\t<div class=\"elementor-element elementor-element-238fc74 e-con-full e-flex e-con e-child\" data-id=\"238fc74\" data-element_type=\"container\" data-e-type=\"container\">\n\t\t\t\t<div class=\"elementor-element elementor-element-25ef62e elementor-widget elementor-widget-heading\" data-id=\"25ef62e\" data-element_type=\"widget\" data-e-type=\"widget\" data-widget_type=\"heading.default\">\n\t\t\t\t\t<h2 class=\"elementor-heading-title elementor-size-default\">Raul Guti\u00e9rrez Gonz\u00e1lez<\/h2>\t\t\t\t<\/div>\n\t\t\t\t<div class=\"elementor-element elementor-element-d8fad9b elementor-widget elementor-widget-heading\" data-id=\"d8fad9b\" data-element_type=\"widget\" data-e-type=\"widget\" data-widget_type=\"heading.default\">\n\t\t\t\t\t<h2 class=\"elementor-heading-title elementor-size-default\">Director de Inversiones<\/h2>\t\t\t\t<\/div>\n\t\t\t\t<div class=\"elementor-element elementor-element-d3da8e5 elementor-widget elementor-widget-spacer\" data-id=\"d3da8e5\" data-element_type=\"widget\" data-e-type=\"widget\" data-widget_type=\"spacer.default\">\n\t\t\t\t\t\t\t<div class=\"elementor-spacer\">\n\t\t\t<div class=\"elementor-spacer-inner\"><\/div>\n\t\t<\/div>\n\t\t\t\t\t\t<\/div>\n\t\t\t\t<div class=\"elementor-element elementor-element-0b78e60 elementor-widget elementor-widget-heading\" data-id=\"0b78e60\" data-element_type=\"widget\" data-e-type=\"widget\" data-widget_type=\"heading.default\">\n\t\t\t\t\t<h2 class=\"elementor-heading-title elementor-size-default\">Tel\u00e9fono: +52 55 5251 8104<\/h2>\t\t\t\t<\/div>\n\t\t\t\t<div class=\"elementor-element elementor-element-8ba4dbe elementor-widget elementor-widget-text-editor\" data-id=\"8ba4dbe\" data-element_type=\"widget\" data-e-type=\"widget\" data-widget_type=\"text-editor.default\">\n\t\t\t\t\t\t\t\t\t<h2 class=\"elementor-heading-title elementor-size-default elementor-inline-editing pen\" style=\"font-size: 19.2px; color: #171717; letter-spacing: normal; line-height: 19.2px; font-weight: 400; font-family: 'Neue Haas Unica Pro', sans-serif;\" data-elementor-setting-key=\"title\" data-pen-placeholder=\"Type Here...\">Correo electr\u00f3nico: <span style=\"text-decoration: underline;\"><span style=\"color: #000000;\"><a style=\"color: #000000; text-decoration: underline;\" href=\"mailto:rgutierrez@sma.com.mx\">rgutierrez@sma.com.mx<\/a><\/span><\/span><\/h2>\t\t\t\t\t\t\t\t<\/div>\n\t\t\t\t<\/div>\n\t\t\t\t\t<\/div>\n\t\t\t\t<\/div>\n\t\t<div class=\"elementor-element elementor-element-780be6d e-flex e-con-boxed e-con e-parent\" data-id=\"780be6d\" data-element_type=\"container\" data-e-type=\"container\">\n\t\t\t\t\t<div class=\"e-con-inner\">\n\t\t<div class=\"elementor-element elementor-element-4bca278 e-con-full e-flex e-con e-child\" data-id=\"4bca278\" data-element_type=\"container\" data-e-type=\"container\">\n\t\t\t\t<div class=\"elementor-element elementor-element-cf6ca7f elementor-widget elementor-widget-image\" data-id=\"cf6ca7f\" data-element_type=\"widget\" data-e-type=\"widget\" data-widget_type=\"image.default\">\n\t\t\t\t\t\t\t\t\t\t\t\t\t\t\t<img decoding=\"async\" width=\"768\" height=\"960\" src=\"https:\/\/fibrasoma.group\/wp-content\/uploads\/2020\/11\/Jesus_Mejia-768x960.jpg\" class=\"attachment-medium_large size-medium_large wp-image-2034\" alt=\"\" srcset=\"https:\/\/fibrasoma.group\/wp-content\/uploads\/2020\/11\/Jesus_Mejia-768x960.jpg 768w, https:\/\/fibrasoma.group\/wp-content\/uploads\/2020\/11\/Jesus_Mejia-240x300.jpg 240w, https:\/\/fibrasoma.group\/wp-content\/uploads\/2020\/11\/Jesus_Mejia-819x1024.jpg 819w, https:\/\/fibrasoma.group\/wp-content\/uploads\/2020\/11\/Jesus_Mejia-1229x1536.jpg 1229w, https:\/\/fibrasoma.group\/wp-content\/uploads\/2020\/11\/Jesus_Mejia-scaled.jpg 2048w\" sizes=\"(max-width: 768px) 100vw, 768px\" \/>\t\t\t\t\t\t\t\t\t\t\t\t\t\t\t<\/div>\n\t\t\t\t<\/div>\n\t\t<div class=\"elementor-element elementor-element-3da6f17 e-con-full e-flex e-con e-child\" data-id=\"3da6f17\" data-element_type=\"container\" data-e-type=\"container\">\n\t\t\t\t<div class=\"elementor-element elementor-element-2b7145b elementor-widget elementor-widget-heading\" data-id=\"2b7145b\" data-element_type=\"widget\" data-e-type=\"widget\" data-widget_type=\"heading.default\">\n\t\t\t\t\t<h2 class=\"elementor-heading-title elementor-size-default\">Jes\u00fas Mej\u00eda<\/h2>\t\t\t\t<\/div>\n\t\t\t\t<div class=\"elementor-element elementor-element-0c24263 elementor-widget elementor-widget-heading\" data-id=\"0c24263\" data-element_type=\"widget\" data-e-type=\"widget\" data-widget_type=\"heading.default\">\n\t\t\t\t\t<h2 class=\"elementor-heading-title elementor-size-default\">Director de informaci\u00f3n financiera<\/h2>\t\t\t\t<\/div>\n\t\t\t\t<div class=\"elementor-element elementor-element-54644ce elementor-widget elementor-widget-spacer\" data-id=\"54644ce\" data-element_type=\"widget\" data-e-type=\"widget\" data-widget_type=\"spacer.default\">\n\t\t\t\t\t\t\t<div class=\"elementor-spacer\">\n\t\t\t<div class=\"elementor-spacer-inner\"><\/div>\n\t\t<\/div>\n\t\t\t\t\t\t<\/div>\n\t\t\t\t<div class=\"elementor-element elementor-element-9cf4d38 elementor-widget elementor-widget-heading\" data-id=\"9cf4d38\" data-element_type=\"widget\" data-e-type=\"widget\" data-widget_type=\"heading.default\">\n\t\t\t\t\t<h2 class=\"elementor-heading-title elementor-size-default\">Tel\u00e9fono: +52 55 5251 8104<\/h2>\t\t\t\t<\/div>\n\t\t\t\t<div class=\"elementor-element elementor-element-0f66617 elementor-widget elementor-widget-text-editor\" data-id=\"0f66617\" data-element_type=\"widget\" data-e-type=\"widget\" data-widget_type=\"text-editor.default\">\n\t\t\t\t\t\t\t\t\t<h2 class=\"elementor-heading-title elementor-size-default elementor-inline-editing pen\" style=\"font-size: 19.2px; color: #171717; letter-spacing: normal; line-height: 19.2px; font-weight: 400; font-family: 'Neue Haas Unica Pro', sans-serif;\" data-elementor-setting-key=\"title\" data-pen-placeholder=\"Type Here...\">Correo electr\u00f3nico: <span style=\"text-decoration: underline;\"><span style=\"color: #000000;\"><a style=\"color: #000000; text-decoration: underline;\" href=\"mailto:jmejia@sma.com.mx\">jmejia@sma.com.mx<\/a><\/span><\/span><\/h2>\t\t\t\t\t\t\t\t<\/div>\n\t\t\t\t<\/div>\n\t\t\t\t\t<\/div>\n\t\t\t\t<\/div>\n\t\t<div class=\"elementor-element elementor-element-a07a9c1 e-flex e-con-boxed e-con e-parent\" data-id=\"a07a9c1\" data-element_type=\"container\" data-e-type=\"container\">\n\t\t\t\t\t<div class=\"e-con-inner\">\n\t\t<div class=\"elementor-element elementor-element-71808e7 e-con-full e-flex e-con e-child\" data-id=\"71808e7\" data-element_type=\"container\" data-e-type=\"container\">\n\t\t\t\t<div class=\"elementor-element elementor-element-58adcb1 elementor-widget elementor-widget-image\" data-id=\"58adcb1\" data-element_type=\"widget\" data-e-type=\"widget\" data-widget_type=\"image.default\">\n\t\t\t\t\t\t\t\t\t\t\t\t\t\t\t<img decoding=\"async\" width=\"768\" height=\"960\" src=\"https:\/\/fibrasoma.group\/wp-content\/uploads\/2026\/01\/2026_Marimar_Torreblanca-3-1-768x960.jpg\" class=\"attachment-medium_large size-medium_large wp-image-3980\" alt=\"\" srcset=\"https:\/\/fibrasoma.group\/wp-content\/uploads\/2026\/01\/2026_Marimar_Torreblanca-3-1-768x960.jpg 768w, https:\/\/fibrasoma.group\/wp-content\/uploads\/2026\/01\/2026_Marimar_Torreblanca-3-1-240x300.jpg 240w, https:\/\/fibrasoma.group\/wp-content\/uploads\/2026\/01\/2026_Marimar_Torreblanca-3-1-819x1024.jpg 819w, https:\/\/fibrasoma.group\/wp-content\/uploads\/2026\/01\/2026_Marimar_Torreblanca-3-1-1229x1536.jpg 1229w, https:\/\/fibrasoma.group\/wp-content\/uploads\/2026\/01\/2026_Marimar_Torreblanca-3-1-1638x2048.jpg 1638w, https:\/\/fibrasoma.group\/wp-content\/uploads\/2026\/01\/2026_Marimar_Torreblanca-3-1.jpg 1802w\" sizes=\"(max-width: 768px) 100vw, 768px\" \/>\t\t\t\t\t\t\t\t\t\t\t\t\t\t\t<\/div>\n\t\t\t\t<\/div>\n\t\t<div class=\"elementor-element elementor-element-5b115ce e-con-full e-flex e-con e-child\" data-id=\"5b115ce\" data-element_type=\"container\" data-e-type=\"container\">\n\t\t\t\t<div class=\"elementor-element elementor-element-517f8ea elementor-widget elementor-widget-heading\" data-id=\"517f8ea\" data-element_type=\"widget\" data-e-type=\"widget\" data-widget_type=\"heading.default\">\n\t\t\t\t\t<h2 class=\"elementor-heading-title elementor-size-default\">Marimar Torreblanca <\/h2>\t\t\t\t<\/div>\n\t\t\t\t<div class=\"elementor-element elementor-element-c71bab9 elementor-widget elementor-widget-heading\" data-id=\"c71bab9\" data-element_type=\"widget\" data-e-type=\"widget\" data-widget_type=\"heading.default\">\n\t\t\t\t\t<h2 class=\"elementor-heading-title elementor-size-default\">IR Miranda Partners<\/h2>\t\t\t\t<\/div>\n\t\t\t\t<div class=\"elementor-element elementor-element-93dcb00 elementor-widget elementor-widget-spacer\" data-id=\"93dcb00\" data-element_type=\"widget\" data-e-type=\"widget\" data-widget_type=\"spacer.default\">\n\t\t\t\t\t\t\t<div class=\"elementor-spacer\">\n\t\t\t<div class=\"elementor-spacer-inner\"><\/div>\n\t\t<\/div>\n\t\t\t\t\t\t<\/div>\n\t\t\t\t<div class=\"elementor-element elementor-element-067c30a elementor-widget elementor-widget-heading\" data-id=\"067c30a\" data-element_type=\"widget\" data-e-type=\"widget\" data-widget_type=\"heading.default\">\n\t\t\t\t\t<h2 class=\"elementor-heading-title elementor-size-default\">Tel\u00e9fono: +52 55 5282 2992<\/h2>\t\t\t\t<\/div>\n\t\t\t\t<div class=\"elementor-element elementor-element-2967d7c elementor-widget elementor-widget-text-editor\" data-id=\"2967d7c\" data-element_type=\"widget\" data-e-type=\"widget\" data-widget_type=\"text-editor.default\">\n\t\t\t\t\t\t\t\t\t<h2 class=\"elementor-heading-title elementor-size-default elementor-inline-editing pen\" style=\"font-size: 19.2px; color: #171717; letter-spacing: normal; line-height: 19.2px; font-weight: 400; font-family: 'Neue Haas Unica Pro', sans-serif;\" data-elementor-setting-key=\"title\" data-pen-placeholder=\"Type Here...\">Correo electr\u00f3nico: <span style=\"text-decoration: underline;\"><span style=\"color: #000000; text-decoration: underline;\"><a style=\"color: #000000; text-decoration: underline;\" href=\"mailto:marimar.torreblanca@miranda-partners.com\">marimar.torreblanca@miranda-partners.com<\/a><\/span><\/span><\/h2>\t\t\t\t\t\t\t\t<\/div>\n\t\t\t\t<\/div>\n\t\t\t\t\t<\/div>\n\t\t\t\t<\/div>\n\t\t\t\t<\/div>\n\t\t","protected":false},"excerpt":{"rendered":"<p>Relaci\u00f3n con Inversionistas Raul Guti\u00e9rrez Gonz\u00e1lez Director de Inversiones Tel\u00e9fono: +52 55 5251 8104 Correo electr\u00f3nico: rgutierrez@sma.com.mx Jes\u00fas Mej\u00eda Director de informaci\u00f3n financiera Tel\u00e9fono: +52 55 5251 8104 Correo electr\u00f3nico: jmejia@sma.com.mx Marimar Torreblanca IR Miranda Partners Tel\u00e9fono: +52 55 5282 2992 Correo electr\u00f3nico: marimar.torreblanca@miranda-partners.com<\/p>\n","protected":false},"author":5,"featured_media":0,"parent":17,"menu_order":0,"comment_status":"closed","ping_status":"closed","template":"","meta":{"_acf_changed":false,"footnotes":""},"class_list":["post-2840","page","type-page","status-publish","hentry"],"acf":[],"yoast_head":"<!-- This site is optimized with the Yoast SEO plugin v27.2 - https:\/\/yoast.com\/product\/yoast-seo-wordpress\/ -->\n<title>IR Contact<\/title>\n<meta name=\"robots\" content=\"index, follow, max-snippet:-1, max-image-preview:large, max-video-preview:-1\" \/>\n<link rel=\"canonical\" href=\"https:\/\/fibrasoma.group\/es\/investors\/ir-contact\/\" \/>\n<meta property=\"og:locale\" content=\"es_ES\" \/>\n<meta property=\"og:locale:alternate\" content=\"en_US\" \/>\n<meta property=\"og:type\" content=\"article\" \/>\n<meta property=\"og:title\" content=\"IR Contact\" \/>\n<meta property=\"og:description\" content=\"Relaci\u00f3n con Inversionistas Raul Guti\u00e9rrez Gonz\u00e1lez Director de Inversiones Tel\u00e9fono: +52 55 5251 8104 Correo electr\u00f3nico: rgutierrez@sma.com.mx Jes\u00fas Mej\u00eda Director de informaci\u00f3n financiera Tel\u00e9fono: +52 55 5251 8104 Correo electr\u00f3nico: jmejia@sma.com.mx Marimar Torreblanca IR Miranda Partners Tel\u00e9fono: +52 55 5282 2992 Correo electr\u00f3nico: marimar.torreblanca@miranda-partners.com\" \/>\n<meta property=\"og:url\" content=\"https:\/\/fibrasoma.group\/es\/investors\/ir-contact\/\" \/>\n<meta property=\"og:site_name\" content=\"FIBRA SOMA\" \/>\n<meta property=\"article:modified_time\" content=\"2026-02-11T20:37:17+00:00\" \/>\n<meta property=\"og:image\" content=\"https:\/\/fibrasoma.group\/wp-content\/uploads\/2020\/11\/Raul_Gutierrez.jpg\" \/>\n\t<meta property=\"og:image:width\" content=\"823\" \/>\n\t<meta property=\"og:image:height\" content=\"1029\" \/>\n\t<meta property=\"og:image:type\" content=\"image\/jpeg\" \/>\n<meta name=\"twitter:card\" content=\"summary_large_image\" \/>\n<meta name=\"twitter:label1\" content=\"Tiempo de lectura\" \/>\n\t<meta name=\"twitter:data1\" content=\"1 minuto\" \/>\n<!-- \/ Yoast SEO plugin. -->","yoast_head_json":{"title":"IR Contact","robots":{"index":"index","follow":"follow","max-snippet":"max-snippet:-1","max-image-preview":"max-image-preview:large","max-video-preview":"max-video-preview:-1"},"canonical":"https:\/\/fibrasoma.group\/es\/investors\/ir-contact\/","og_locale":"es_ES","og_type":"article","og_title":"[:en]IR Contact[:] |","og_description":"Relaci\u00f3n con Inversionistas Raul Guti\u00e9rrez Gonz\u00e1lez Director de Inversiones Tel\u00e9fono: +52 55 5251 8104 Correo electr\u00f3nico: rgutierrez@sma.com.mx Jes\u00fas Mej\u00eda Director de informaci\u00f3n financiera Tel\u00e9fono: +52 55 5251 8104 Correo electr\u00f3nico: jmejia@sma.com.mx Marimar Torreblanca IR Miranda Partners Tel\u00e9fono: +52 55 5282 2992 Correo electr\u00f3nico: marimar.torreblanca@miranda-partners.com","og_url":"https:\/\/fibrasoma.group\/es\/investors\/ir-contact\/","og_site_name":"FIBRA SOMA","article_modified_time":"2026-02-11T20:37:17+00:00","og_image":[{"width":823,"height":1029,"url":"https:\/\/fibrasoma.group\/wp-content\/uploads\/2020\/11\/Raul_Gutierrez.jpg","type":"image\/jpeg"}],"twitter_card":"summary_large_image","twitter_misc":{"Tiempo de lectura":"1 minuto"},"schema":{"@context":"https:\/\/schema.org","@graph":[{"@type":"WebPage","@id":"https:\/\/fibrasoma.group\/investors\/ir-contact\/","url":"https:\/\/fibrasoma.group\/investors\/ir-contact\/","name":"IR Contact","isPartOf":{"@id":"https:\/\/fibrasoma.group\/#website"},"primaryImageOfPage":{"@id":"https:\/\/fibrasoma.group\/investors\/ir-contact\/#primaryimage"},"image":{"@id":"https:\/\/fibrasoma.group\/investors\/ir-contact\/#primaryimage"},"thumbnailUrl":"https:\/\/fibrasoma.group\/wp-content\/uploads\/2020\/11\/Raul_Gutierrez-768x960.jpg","datePublished":"2026-01-10T14:40:17+00:00","dateModified":"2026-02-11T20:37:17+00:00","breadcrumb":{"@id":"https:\/\/fibrasoma.group\/investors\/ir-contact\/#breadcrumb"},"inLanguage":"es-ES","potentialAction":[{"@type":"ReadAction","target":["https:\/\/fibrasoma.group\/investors\/ir-contact\/"]}]},{"@type":"ImageObject","inLanguage":"es-ES","@id":"https:\/\/fibrasoma.group\/investors\/ir-contact\/#primaryimage","url":"https:\/\/fibrasoma.group\/wp-content\/uploads\/2020\/11\/Raul_Gutierrez-768x960.jpg","contentUrl":"https:\/\/fibrasoma.group\/wp-content\/uploads\/2020\/11\/Raul_Gutierrez-768x960.jpg"},{"@type":"BreadcrumbList","@id":"https:\/\/fibrasoma.group\/investors\/ir-contact\/#breadcrumb","itemListElement":[{"@type":"ListItem","position":1,"name":"Home","item":"https:\/\/fibrasoma.group\/es\/"},{"@type":"ListItem","position":2,"name":"Investors","item":"https:\/\/fibrasoma.group\/investors\/"},{"@type":"ListItem","position":3,"name":"IR Contact"}]},{"@type":"WebSite","@id":"https:\/\/fibrasoma.group\/#website","url":"https:\/\/fibrasoma.group\/","name":"FIBRA SOMA","description":"","publisher":{"@id":"https:\/\/fibrasoma.group\/#organization"},"potentialAction":[{"@type":"SearchAction","target":{"@type":"EntryPoint","urlTemplate":"https:\/\/fibrasoma.group\/?s={search_term_string}"},"query-input":{"@type":"PropertyValueSpecification","valueRequired":true,"valueName":"search_term_string"}}],"inLanguage":"es-ES"},{"@type":"Organization","@id":"https:\/\/fibrasoma.group\/#organization","name":"FIBRA Soma","url":"https:\/\/fibrasoma.group\/","logo":{"@type":"ImageObject","inLanguage":"es-ES","@id":"https:\/\/fibrasoma.group\/#\/schema\/logo\/image\/","url":"https:\/\/fibrasoma.group\/wp-content\/uploads\/2020\/11\/FIBRASOMA_logo.svg?wsr","contentUrl":"https:\/\/fibrasoma.group\/wp-content\/uploads\/2020\/11\/FIBRASOMA_logo.svg?wsr","width":292,"height":37,"caption":"FIBRA Soma"},"image":{"@id":"https:\/\/fibrasoma.group\/#\/schema\/logo\/image\/"}}]}},"_links":{"self":[{"href":"https:\/\/fibrasoma.group\/es\/wp-json\/wp\/v2\/pages\/2840","targetHints":{"allow":["GET"]}}],"collection":[{"href":"https:\/\/fibrasoma.group\/es\/wp-json\/wp\/v2\/pages"}],"about":[{"href":"https:\/\/fibrasoma.group\/es\/wp-json\/wp\/v2\/types\/page"}],"author":[{"embeddable":true,"href":"https:\/\/fibrasoma.group\/es\/wp-json\/wp\/v2\/users\/5"}],"replies":[{"embeddable":true,"href":"https:\/\/fibrasoma.group\/es\/wp-json\/wp\/v2\/comments?post=2840"}],"version-history":[{"count":55,"href":"https:\/\/fibrasoma.group\/es\/wp-json\/wp\/v2\/pages\/2840\/revisions"}],"predecessor-version":[{"id":4594,"href":"https:\/\/fibrasoma.group\/es\/wp-json\/wp\/v2\/pages\/2840\/revisions\/4594"}],"up":[{"embeddable":true,"href":"https:\/\/fibrasoma.group\/es\/wp-json\/wp\/v2\/pages\/17"}],"wp:attachment":[{"href":"https:\/\/fibrasoma.group\/es\/wp-json\/wp\/v2\/media?parent=2840"}],"curies":[{"name":"wp","href":"https:\/\/api.w.org\/{rel}","templated":true}]}}