{"id":2560,"date":"2026-01-09T02:34:51","date_gmt":"2026-01-09T02:34:51","guid":{"rendered":"https:\/\/fibrasoma.group\/?page_id=2560"},"modified":"2026-03-12T19:23:30","modified_gmt":"2026-03-12T19:23:30","slug":"strategy","status":"publish","type":"page","link":"https:\/\/fibrasoma.group\/es\/asg\/strategy\/","title":{"rendered":"Estrategia"},"content":{"rendered":"\t\t<div data-elementor-type=\"wp-page\" data-elementor-id=\"2560\" class=\"elementor elementor-2560\" data-elementor-post-type=\"page\">\n\t\t\t\t<div class=\"elementor-element elementor-element-9718e66 e-flex e-con-boxed e-con e-parent\" data-id=\"9718e66\" data-element_type=\"container\" data-e-type=\"container\">\n\t\t\t\t\t<div class=\"e-con-inner\">\n\t\t\t\t\t<\/div>\n\t\t\t\t<\/div>\n\t\t<div class=\"elementor-element elementor-element-2095c9c e-flex e-con-boxed e-con e-parent\" data-id=\"2095c9c\" data-element_type=\"container\" data-e-type=\"container\">\n\t\t\t\t\t<div class=\"e-con-inner\">\n\t\t\t\t<div class=\"elementor-element elementor-element-7bb237a elementor-widget elementor-widget-spacer\" data-id=\"7bb237a\" data-element_type=\"widget\" data-e-type=\"widget\" data-widget_type=\"spacer.default\">\n\t\t\t\t\t\t\t<div class=\"elementor-spacer\">\n\t\t\t<div class=\"elementor-spacer-inner\"><\/div>\n\t\t<\/div>\n\t\t\t\t\t\t<\/div>\n\t\t\t\t\t<\/div>\n\t\t\t\t<\/div>\n\t\t<div class=\"elementor-element elementor-element-0de3924 e-con-full e-flex e-con e-parent\" data-id=\"0de3924\" data-element_type=\"container\" data-e-type=\"container\" data-settings=\"{&quot;background_background&quot;:&quot;classic&quot;}\">\n\t\t<div class=\"elementor-element elementor-element-94c8e20 e-flex e-con-boxed e-con e-child\" data-id=\"94c8e20\" data-element_type=\"container\" data-e-type=\"container\">\n\t\t\t\t\t<div class=\"e-con-inner\">\n\t\t\t\t<div class=\"elementor-element elementor-element-3146191 elementor-widget elementor-widget-text-editor\" data-id=\"3146191\" data-element_type=\"widget\" data-e-type=\"widget\" data-widget_type=\"text-editor.default\">\n\t\t\t\t\t\t\t\t\t<p>Nuestra estrategia est\u00e1 dise\u00f1ada para generar valor, adaptarse al cambio y crecer con bases firmes.<\/p>\t\t\t\t\t\t\t\t<\/div>\n\t\t\t\t\t<\/div>\n\t\t\t\t<\/div>\n\t\t\t\t<\/div>\n\t\t<div class=\"elementor-element elementor-element-7b68d74 e-flex e-con-boxed e-con e-parent\" data-id=\"7b68d74\" data-element_type=\"container\" data-e-type=\"container\" data-settings=\"{&quot;background_background&quot;:&quot;classic&quot;}\">\n\t\t\t\t\t<div class=\"e-con-inner\">\n\t\t\t\t\t<\/div>\n\t\t\t\t<\/div>\n\t\t<div class=\"elementor-element elementor-element-1827113 e-flex e-con-boxed e-con e-parent\" data-id=\"1827113\" data-element_type=\"container\" data-e-type=\"container\">\n\t\t\t\t\t<div class=\"e-con-inner\">\n\t\t<div class=\"elementor-element elementor-element-6f7ee51 e-con-full e-flex e-con e-child\" data-id=\"6f7ee51\" data-element_type=\"container\" data-e-type=\"container\">\n\t\t\t\t<div class=\"elementor-element elementor-element-8c5c7d5 elementor-widget elementor-widget-heading\" data-id=\"8c5c7d5\" data-element_type=\"widget\" data-e-type=\"widget\" data-widget_type=\"heading.default\">\n\t\t\t\t\t<h1 class=\"elementor-heading-title elementor-size-default\">Nuestra visi\u00f3n <\/h1>\t\t\t\t<\/div>\n\t\t\t\t<div class=\"elementor-element elementor-element-3db78e4 elementor-widget elementor-widget-text-editor\" data-id=\"3db78e4\" data-element_type=\"widget\" data-e-type=\"widget\" data-widget_type=\"text-editor.default\">\n\t\t\t\t\t\t\t\t\t<p>En FibraSOMA entendemos la sostenibilidad como la creaci\u00f3n de valor de largo plazo. Nuestra estrategia ASG est\u00e1 orientada a fortalecer la resiliencia de nuestro portafolio, gestionar riesgos relevantes y generar impactos positivos para nuestros grupos de inter\u00e9s.<\/p>\t\t\t\t\t\t\t\t<\/div>\n\t\t\t\t<div class=\"elementor-element elementor-element-21bd5f2 elementor-widget elementor-widget-text-editor\" data-id=\"21bd5f2\" data-element_type=\"widget\" data-e-type=\"widget\" data-widget_type=\"text-editor.default\">\n\t\t\t\t\t\t\t\t\tPara definir nuestra estrategia, partimos de un an\u00e1lisis de materialidad realizado en 2023. Alineado con los resultados de dicho ejercicio, nuestra esfruerzos ASG tienen un foco prioritario en la gesti\u00f3n ambiental, sin dejar de lado el fortalecimiento continuo de las dimensiones social y de gobernanza.\t\t\t\t\t\t\t\t<\/div>\n\t\t\t\t<\/div>\n\t\t<div class=\"elementor-element elementor-element-c52357c e-con-full e-flex e-con e-child\" data-id=\"c52357c\" data-element_type=\"container\" data-e-type=\"container\">\n\t\t\t\t<div class=\"elementor-element elementor-element-10e1801 elementor-widget elementor-widget-image\" data-id=\"10e1801\" data-element_type=\"widget\" data-e-type=\"widget\" data-widget_type=\"image.default\">\n\t\t\t\t\t\t\t\t\t\t\t\t\t\t\t\t<a href=\"https:\/\/fibrasoma.group\/wp-content\/uploads\/2026\/02\/Materialidad_ES.jpg\" data-elementor-open-lightbox=\"yes\" data-elementor-lightbox-title=\"Materialidad_ES\" data-e-action-hash=\"#elementor-action%3Aaction%3Dlightbox%26settings%3DeyJpZCI6NDU0NiwidXJsIjoiaHR0cHM6XC9cL2ZpYnJhc29tYS5ncm91cFwvd3AtY29udGVudFwvdXBsb2Fkc1wvMjAyNlwvMDJcL01hdGVyaWFsaWRhZF9FUy5qcGcifQ%3D%3D\">\n\t\t\t\t\t\t\t<img fetchpriority=\"high\" decoding=\"async\" width=\"887\" height=\"661\" src=\"https:\/\/fibrasoma.group\/wp-content\/uploads\/2026\/02\/Materialidad_ES.jpg\" class=\"attachment-1536x1536 size-1536x1536 wp-image-4546\" alt=\"\" srcset=\"https:\/\/fibrasoma.group\/wp-content\/uploads\/2026\/02\/Materialidad_ES.jpg 887w, https:\/\/fibrasoma.group\/wp-content\/uploads\/2026\/02\/Materialidad_ES-300x224.jpg 300w, https:\/\/fibrasoma.group\/wp-content\/uploads\/2026\/02\/Materialidad_ES-768x572.jpg 768w\" sizes=\"(max-width: 887px) 100vw, 887px\" \/>\t\t\t\t\t\t\t\t<\/a>\n\t\t\t\t\t\t\t\t\t\t\t\t\t\t\t<\/div>\n\t\t\t\t<\/div>\n\t\t\t\t\t<\/div>\n\t\t\t\t<\/div>\n\t\t<div class=\"elementor-element elementor-element-ec24e80 e-flex e-con-boxed e-con e-parent\" data-id=\"ec24e80\" data-element_type=\"container\" data-e-type=\"container\">\n\t\t\t\t\t<div class=\"e-con-inner\">\n\t\t<div class=\"elementor-element elementor-element-62f3110 e-con-full e-flex e-con e-child\" data-id=\"62f3110\" data-element_type=\"container\" data-e-type=\"container\">\n\t\t\t\t<div class=\"elementor-element elementor-element-630631d elementor-widget elementor-widget-image\" data-id=\"630631d\" data-element_type=\"widget\" data-e-type=\"widget\" data-widget_type=\"image.default\">\n\t\t\t\t\t\t\t\t\t\t\t\t\t\t\t<img decoding=\"async\" width=\"1024\" height=\"682\" src=\"https:\/\/fibrasoma.group\/wp-content\/uploads\/2026\/01\/1-1024x682.jpg\" class=\"attachment-large size-large wp-image-2986\" alt=\"\" srcset=\"https:\/\/fibrasoma.group\/wp-content\/uploads\/2026\/01\/1-1024x682.jpg 1024w, https:\/\/fibrasoma.group\/wp-content\/uploads\/2026\/01\/1-300x200.jpg 300w, https:\/\/fibrasoma.group\/wp-content\/uploads\/2026\/01\/1-768x512.jpg 768w, https:\/\/fibrasoma.group\/wp-content\/uploads\/2026\/01\/1-1536x1024.jpg 1536w, https:\/\/fibrasoma.group\/wp-content\/uploads\/2026\/01\/1.jpg 2000w\" sizes=\"(max-width: 1024px) 100vw, 1024px\" \/>\t\t\t\t\t\t\t\t\t\t\t\t\t\t\t<\/div>\n\t\t\t\t<\/div>\n\t\t<div class=\"elementor-element elementor-element-d7eaae2 e-con-full e-flex e-con e-child\" data-id=\"d7eaae2\" data-element_type=\"container\" data-e-type=\"container\">\n\t\t\t\t<div class=\"elementor-element elementor-element-7f248e4 elementor-widget elementor-widget-heading\" data-id=\"7f248e4\" data-element_type=\"widget\" data-e-type=\"widget\" data-widget_type=\"heading.default\">\n\t\t\t\t\t<h1 class=\"elementor-heading-title elementor-size-default\">1. Ambiental <\/h1>\t\t\t\t<\/div>\n\t\t\t\t<div class=\"elementor-element elementor-element-87e66a0 elementor-widget elementor-widget-text-editor\" data-id=\"87e66a0\" data-element_type=\"widget\" data-e-type=\"widget\" data-widget_type=\"text-editor.default\">\n\t\t\t\t\t\t\t\t\t<p>Nuestro principal eje estrat\u00e9gico se centra en la mitigaci\u00f3n de impactos ambientales y en la adaptaci\u00f3n al cambio clim\u00e1tico, priorizando la eficiencia operativa y la sostenibilidad del portafolio inmobiliario.<\/p>\t\t\t\t\t\t\t\t<\/div>\n\t\t\t\t<div class=\"elementor-element elementor-element-4544b46 elementor-widget elementor-widget-text-editor\" data-id=\"4544b46\" data-element_type=\"widget\" data-e-type=\"widget\" data-widget_type=\"text-editor.default\">\n\t\t\t\t\t\t\t\t\t1.2. L\u00edneas de acci\u00f3n prioritarias:\n<ul>\n \t<li>Gesti\u00f3n eficiente de la energ\u00eda y compromiso con la energ\u00eda renovable<\/li>\n \t<li>Reducci\u00f3n de emisiones<\/li>\n \t<li>Uso responsable del agua<\/li>\n \t<li>Manejo de residuos y promoci\u00f3n de la econom\u00eda circular<\/li>\n \t<li>Conservaci\u00f3n de la biodiversidad y adaptaci\u00f3n al cambio clim\u00e1tico<\/li>\n<\/ul>\t\t\t\t\t\t\t\t<\/div>\n\t\t\t\t<\/div>\n\t\t\t\t\t<\/div>\n\t\t\t\t<\/div>\n\t\t<div class=\"elementor-element elementor-element-5096357 e-flex e-con-boxed e-con e-parent\" data-id=\"5096357\" data-element_type=\"container\" data-e-type=\"container\">\n\t\t\t\t\t<div class=\"e-con-inner\">\n\t\t<div class=\"elementor-element elementor-element-5c3314f e-con-full e-flex e-con e-child\" data-id=\"5c3314f\" data-element_type=\"container\" data-e-type=\"container\">\n\t\t\t\t<div class=\"elementor-element elementor-element-d9296f7 elementor-widget elementor-widget-image\" data-id=\"d9296f7\" data-element_type=\"widget\" data-e-type=\"widget\" data-widget_type=\"image.default\">\n\t\t\t\t\t\t\t\t\t\t\t\t\t\t\t<img decoding=\"async\" width=\"1024\" height=\"682\" src=\"https:\/\/fibrasoma.group\/wp-content\/uploads\/2026\/01\/2-1024x682.jpg\" class=\"attachment-large size-large wp-image-2985\" alt=\"\" srcset=\"https:\/\/fibrasoma.group\/wp-content\/uploads\/2026\/01\/2-1024x682.jpg 1024w, https:\/\/fibrasoma.group\/wp-content\/uploads\/2026\/01\/2-300x200.jpg 300w, https:\/\/fibrasoma.group\/wp-content\/uploads\/2026\/01\/2-768x512.jpg 768w, https:\/\/fibrasoma.group\/wp-content\/uploads\/2026\/01\/2-1536x1024.jpg 1536w, https:\/\/fibrasoma.group\/wp-content\/uploads\/2026\/01\/2.jpg 2000w\" sizes=\"(max-width: 1024px) 100vw, 1024px\" \/>\t\t\t\t\t\t\t\t\t\t\t\t\t\t\t<\/div>\n\t\t\t\t<\/div>\n\t\t<div class=\"elementor-element elementor-element-e38196c e-con-full e-flex e-con e-child\" data-id=\"e38196c\" data-element_type=\"container\" data-e-type=\"container\">\n\t\t\t\t<div class=\"elementor-element elementor-element-b700879 elementor-widget elementor-widget-heading\" data-id=\"b700879\" data-element_type=\"widget\" data-e-type=\"widget\" data-widget_type=\"heading.default\">\n\t\t\t\t\t<h1 class=\"elementor-heading-title elementor-size-default\">2. Social<\/h1>\t\t\t\t<\/div>\n\t\t\t\t<div class=\"elementor-element elementor-element-6ab13aa elementor-widget elementor-widget-text-editor\" data-id=\"6ab13aa\" data-element_type=\"widget\" data-e-type=\"widget\" data-widget_type=\"text-editor.default\">\n\t\t\t\t\t\t\t\t\tBuscamos generar entornos seguros, inclusivos y funcionales para las personas que forman parte de nuestra comunidad interna y externa. Buscamos promover relaciones s\u00f3lidas con nuestros colaboradores y las comunidades que nos rodean.\t\t\t\t\t\t\t\t<\/div>\n\t\t\t\t<div class=\"elementor-element elementor-element-58d3f6b elementor-widget elementor-widget-text-editor\" data-id=\"58d3f6b\" data-element_type=\"widget\" data-e-type=\"widget\" data-widget_type=\"text-editor.default\">\n\t\t\t\t\t\t\t\t\t<p>2.1. L\u00edneas de acci\u00f3n clave:<\/p><ul><li>Salud, seguridad y bienestar<\/li><li>Capacitaci\u00f3n, desarrollo y pr\u00e1cticas laborales responsables<\/li><li>Diversidad, inclusi\u00f3n e inversi\u00f3n social<\/li><li>Satisfacci\u00f3n de inquilinos y experiencia<\/li><li>Relaciones positivas con comunidades y usuarios de nuestros espacios<\/li><\/ul>\t\t\t\t\t\t\t\t<\/div>\n\t\t\t\t<\/div>\n\t\t\t\t\t<\/div>\n\t\t\t\t<\/div>\n\t\t<div class=\"elementor-element elementor-element-e6a8ae6 e-flex e-con-boxed e-con e-parent\" data-id=\"e6a8ae6\" data-element_type=\"container\" data-e-type=\"container\">\n\t\t\t\t\t<div class=\"e-con-inner\">\n\t\t<div class=\"elementor-element elementor-element-5eefabd e-con-full e-flex e-con e-child\" data-id=\"5eefabd\" data-element_type=\"container\" data-e-type=\"container\">\n\t\t\t\t<div class=\"elementor-element elementor-element-66f4199 elementor-widget elementor-widget-image\" data-id=\"66f4199\" data-element_type=\"widget\" data-e-type=\"widget\" data-widget_type=\"image.default\">\n\t\t\t\t\t\t\t\t\t\t\t\t\t\t\t<img loading=\"lazy\" decoding=\"async\" width=\"1024\" height=\"682\" src=\"https:\/\/fibrasoma.group\/wp-content\/uploads\/2026\/01\/3-1024x682.jpg\" class=\"attachment-large size-large wp-image-2984\" alt=\"\" srcset=\"https:\/\/fibrasoma.group\/wp-content\/uploads\/2026\/01\/3-1024x682.jpg 1024w, https:\/\/fibrasoma.group\/wp-content\/uploads\/2026\/01\/3-300x200.jpg 300w, https:\/\/fibrasoma.group\/wp-content\/uploads\/2026\/01\/3-768x512.jpg 768w, https:\/\/fibrasoma.group\/wp-content\/uploads\/2026\/01\/3-1536x1024.jpg 1536w, https:\/\/fibrasoma.group\/wp-content\/uploads\/2026\/01\/3.jpg 2000w\" sizes=\"(max-width: 1024px) 100vw, 1024px\" \/>\t\t\t\t\t\t\t\t\t\t\t\t\t\t\t<\/div>\n\t\t\t\t<\/div>\n\t\t<div class=\"elementor-element elementor-element-645fe4c e-con-full e-flex e-con e-child\" data-id=\"645fe4c\" data-element_type=\"container\" data-e-type=\"container\">\n\t\t\t\t<div class=\"elementor-element elementor-element-b7741c7 elementor-widget elementor-widget-heading\" data-id=\"b7741c7\" data-element_type=\"widget\" data-e-type=\"widget\" data-widget_type=\"heading.default\">\n\t\t\t\t\t<h1 class=\"elementor-heading-title elementor-size-default\">3. Gobernanza<\/h1>\t\t\t\t<\/div>\n\t\t\t\t<div class=\"elementor-element elementor-element-e3ba52e elementor-widget elementor-widget-text-editor\" data-id=\"e3ba52e\" data-element_type=\"widget\" data-e-type=\"widget\" data-widget_type=\"text-editor.default\">\n\t\t\t\t\t\t\t\t\tUna gobernanza robusta es la base para una gesti\u00f3n responsable y \u00e9tica. Fortalecemos nuestros procesos de toma de decisiones, control y cumplimiento para asegurar la confianza de nuestros grupos de inter\u00e9s.\t\t\t\t\t\t\t\t<\/div>\n\t\t\t\t<div class=\"elementor-element elementor-element-51395c2 elementor-widget elementor-widget-text-editor\" data-id=\"51395c2\" data-element_type=\"widget\" data-e-type=\"widget\" data-widget_type=\"text-editor.default\">\n\t\t\t\t\t\t\t\t\t<p>3.1. L\u00edneas de acci\u00f3n clave:<\/p><ul><li>Estructura de gobierno corporativo clara y eficaz<\/li><li>Gesti\u00f3n integral de riesgos<\/li><li>Pr\u00e1cticas de \u00e9tica, cumplimiento y anticorrupci\u00f3n<\/li><li>Respeto a los derechos humanos<\/li><li>Gesti\u00f3n responsable de la cadena de valor<\/li><\/ul>\t\t\t\t\t\t\t\t<\/div>\n\t\t\t\t<\/div>\n\t\t\t\t\t<\/div>\n\t\t\t\t<\/div>\n\t\t<div class=\"elementor-element elementor-element-3202176 e-flex e-con-boxed e-con e-child\" data-id=\"3202176\" data-element_type=\"container\" data-e-type=\"container\">\n\t\t\t\t\t<div class=\"e-con-inner\">\n\t\t\t\t<div class=\"elementor-element elementor-element-f92e8cf elementor-widget elementor-widget-heading\" data-id=\"f92e8cf\" data-element_type=\"widget\" data-e-type=\"widget\" data-widget_type=\"heading.default\">\n\t\t\t\t\t<h1 class=\"elementor-heading-title elementor-size-default\">Objetivos de Desarrollo Sostenible<\/h1>\t\t\t\t<\/div>\n\t\t\t\t<div class=\"elementor-element elementor-element-1b72113 elementor-widget__width-initial elementor-widget elementor-widget-text-editor\" data-id=\"1b72113\" data-element_type=\"widget\" data-e-type=\"widget\" data-widget_type=\"text-editor.default\">\n\t\t\t\t\t\t\t\t\tCreemos en poner nuestro granito de arena y por ello nos\nalineamos a la agenda 2030.\t\t\t\t\t\t\t\t<\/div>\n\t\t\t\t<div class=\"elementor-element elementor-element-e7bc944 elementor-widget__width-initial elementor-widget elementor-widget-text-editor\" data-id=\"e7bc944\" data-element_type=\"widget\" data-e-type=\"widget\" data-widget_type=\"text-editor.default\">\n\t\t\t\t\t\t\t\t\tLos ODS representan un llamado universal a la acci\u00f3n para poner fin a la pobreza, proteger el planeta y\ngarantizar que todas las personas gocen de paz y prosperidad para 2030. Los ODS constan de 17 objetivos y\n169 metas espec\u00edficas que abordan una amplia gama de desaf\u00edos globales, desde la erradicaci\u00f3n de la pobreza\nhasta la acci\u00f3n clim\u00e1tica y la igualdad de g\u00e9nero.\t\t\t\t\t\t\t\t<\/div>\n\t\t\t\t<div class=\"elementor-element elementor-element-ce940ff elementor-widget elementor-widget-heading\" data-id=\"ce940ff\" data-element_type=\"widget\" data-e-type=\"widget\" data-widget_type=\"heading.default\">\n\t\t\t\t\t<span class=\"elementor-heading-title elementor-size-default\"><a href=\"#elementor-action%3Aaction%3Dlightbox%26settings%3DeyJ1cmwiOiJodHRwczpcL1wvZmlicmFzb21hLmdyb3VwXC93cC1jb250ZW50XC91cGxvYWRzXC8yMDI2XC8wMlwvdGFibGEtZXMuanBnIiwidHlwZSI6ImltYWdlIiwidGl0bGUiOiJbOmVuXXRhYmxhLWVzWzpdIn0%3D\">Leer m\u00e1s<\/a><\/span>\t\t\t\t<\/div>\n\t\t\t\t\t<\/div>\n\t\t\t\t<\/div>\n\t\t<div class=\"elementor-element elementor-element-ec0aa34 e-flex e-con-boxed e-con e-parent\" data-id=\"ec0aa34\" data-element_type=\"container\" data-e-type=\"container\">\n\t\t\t\t\t<div class=\"e-con-inner\">\n\t\t\t\t\t<\/div>\n\t\t\t\t<\/div>\n\t\t\t\t<\/div>\n\t\t","protected":false},"excerpt":{"rendered":"<p>Materialidad_ES<\/p>\n","protected":false},"author":6,"featured_media":0,"parent":1189,"menu_order":0,"comment_status":"closed","ping_status":"closed","template":"templates\/elementor-template.php","meta":{"_acf_changed":false,"footnotes":""},"class_list":["post-2560","page","type-page","status-publish","hentry"],"acf":[],"yoast_head":"<!-- This site is optimized with the Yoast SEO plugin v27.2 - https:\/\/yoast.com\/product\/yoast-seo-wordpress\/ -->\n<title>Estrategia<\/title>\n<meta name=\"robots\" content=\"index, follow, max-snippet:-1, max-image-preview:large, max-video-preview:-1\" \/>\n<link rel=\"canonical\" href=\"https:\/\/fibrasoma.group\/es\/asg\/strategy\/\" \/>\n<meta property=\"og:locale\" content=\"es_ES\" \/>\n<meta property=\"og:locale:alternate\" content=\"en_US\" \/>\n<meta property=\"og:type\" content=\"article\" \/>\n<meta property=\"og:title\" content=\"Estrategia\" \/>\n<meta property=\"og:description\" content=\"Materialidad_ES\" \/>\n<meta property=\"og:url\" content=\"https:\/\/fibrasoma.group\/es\/asg\/strategy\/\" \/>\n<meta property=\"og:site_name\" content=\"FIBRA SOMA\" \/>\n<meta property=\"article:modified_time\" content=\"2026-03-12T19:23:30+00:00\" \/>\n<meta property=\"og:image\" content=\"https:\/\/fibrasoma.group\/wp-content\/uploads\/2026\/02\/Materialidad_ES.jpg\" \/>\n\t<meta property=\"og:image:width\" content=\"887\" \/>\n\t<meta property=\"og:image:height\" content=\"661\" \/>\n\t<meta property=\"og:image:type\" content=\"image\/jpeg\" \/>\n<meta name=\"twitter:card\" content=\"summary_large_image\" \/>\n<meta name=\"twitter:label1\" content=\"Tiempo de lectura\" \/>\n\t<meta name=\"twitter:data1\" content=\"1 minuto\" \/>\n<!-- \/ Yoast SEO plugin. -->","yoast_head_json":{"title":"Estrategia","robots":{"index":"index","follow":"follow","max-snippet":"max-snippet:-1","max-image-preview":"max-image-preview:large","max-video-preview":"max-video-preview:-1"},"canonical":"https:\/\/fibrasoma.group\/es\/asg\/strategy\/","og_locale":"es_ES","og_type":"article","og_title":"[:en]Strategy[:es]Estrategia[:] |","og_description":"Materialidad_ES","og_url":"https:\/\/fibrasoma.group\/es\/asg\/strategy\/","og_site_name":"FIBRA SOMA","article_modified_time":"2026-03-12T19:23:30+00:00","og_image":[{"width":887,"height":661,"url":"https:\/\/fibrasoma.group\/wp-content\/uploads\/2026\/02\/Materialidad_ES.jpg","type":"image\/jpeg"}],"twitter_card":"summary_large_image","twitter_misc":{"Tiempo de lectura":"1 minuto"},"schema":{"@context":"https:\/\/schema.org","@graph":[{"@type":"WebPage","@id":"https:\/\/fibrasoma.group\/es\/asg\/strategy\/","url":"https:\/\/fibrasoma.group\/es\/asg\/strategy\/","name":"Estrategia","isPartOf":{"@id":"https:\/\/fibrasoma.group\/#website"},"primaryImageOfPage":{"@id":"https:\/\/fibrasoma.group\/es\/asg\/strategy\/#primaryimage"},"image":{"@id":"https:\/\/fibrasoma.group\/es\/asg\/strategy\/#primaryimage"},"thumbnailUrl":"https:\/\/fibrasoma.group\/wp-content\/uploads\/2026\/02\/Materialidad_ES.jpg","datePublished":"2026-01-09T02:34:51+00:00","dateModified":"2026-03-12T19:23:30+00:00","breadcrumb":{"@id":"https:\/\/fibrasoma.group\/es\/asg\/strategy\/#breadcrumb"},"inLanguage":"es-ES","potentialAction":[{"@type":"ReadAction","target":["https:\/\/fibrasoma.group\/es\/asg\/strategy\/"]}]},{"@type":"ImageObject","inLanguage":"es-ES","@id":"https:\/\/fibrasoma.group\/es\/asg\/strategy\/#primaryimage","url":"https:\/\/fibrasoma.group\/wp-content\/uploads\/2026\/02\/Materialidad_ES.jpg","contentUrl":"https:\/\/fibrasoma.group\/wp-content\/uploads\/2026\/02\/Materialidad_ES.jpg"},{"@type":"BreadcrumbList","@id":"https:\/\/fibrasoma.group\/es\/asg\/strategy\/#breadcrumb","itemListElement":[{"@type":"ListItem","position":1,"name":"Home","item":"https:\/\/fibrasoma.group\/es\/"},{"@type":"ListItem","position":2,"name":"ASG","item":"https:\/\/fibrasoma.group\/es\/asg\/"},{"@type":"ListItem","position":3,"name":"Estrategia"}]},{"@type":"WebSite","@id":"https:\/\/fibrasoma.group\/#website","url":"https:\/\/fibrasoma.group\/","name":"FIBRA SOMA","description":"","publisher":{"@id":"https:\/\/fibrasoma.group\/#organization"},"potentialAction":[{"@type":"SearchAction","target":{"@type":"EntryPoint","urlTemplate":"https:\/\/fibrasoma.group\/?s={search_term_string}"},"query-input":{"@type":"PropertyValueSpecification","valueRequired":true,"valueName":"search_term_string"}}],"inLanguage":"es-ES"},{"@type":"Organization","@id":"https:\/\/fibrasoma.group\/#organization","name":"FIBRA Soma","url":"https:\/\/fibrasoma.group\/","logo":{"@type":"ImageObject","inLanguage":"es-ES","@id":"https:\/\/fibrasoma.group\/#\/schema\/logo\/image\/","url":"https:\/\/fibrasoma.group\/wp-content\/uploads\/2020\/11\/FIBRASOMA_logo.svg?wsr","contentUrl":"https:\/\/fibrasoma.group\/wp-content\/uploads\/2020\/11\/FIBRASOMA_logo.svg?wsr","width":292,"height":37,"caption":"FIBRA Soma"},"image":{"@id":"https:\/\/fibrasoma.group\/#\/schema\/logo\/image\/"}}]}},"_links":{"self":[{"href":"https:\/\/fibrasoma.group\/es\/wp-json\/wp\/v2\/pages\/2560","targetHints":{"allow":["GET"]}}],"collection":[{"href":"https:\/\/fibrasoma.group\/es\/wp-json\/wp\/v2\/pages"}],"about":[{"href":"https:\/\/fibrasoma.group\/es\/wp-json\/wp\/v2\/types\/page"}],"author":[{"embeddable":true,"href":"https:\/\/fibrasoma.group\/es\/wp-json\/wp\/v2\/users\/6"}],"replies":[{"embeddable":true,"href":"https:\/\/fibrasoma.group\/es\/wp-json\/wp\/v2\/comments?post=2560"}],"version-history":[{"count":194,"href":"https:\/\/fibrasoma.group\/es\/wp-json\/wp\/v2\/pages\/2560\/revisions"}],"predecessor-version":[{"id":5187,"href":"https:\/\/fibrasoma.group\/es\/wp-json\/wp\/v2\/pages\/2560\/revisions\/5187"}],"up":[{"embeddable":true,"href":"https:\/\/fibrasoma.group\/es\/wp-json\/wp\/v2\/pages\/1189"}],"wp:attachment":[{"href":"https:\/\/fibrasoma.group\/es\/wp-json\/wp\/v2\/media?parent=2560"}],"curies":[{"name":"wp","href":"https:\/\/api.w.org\/{rel}","templated":true}]}}