{"id":2527,"date":"2026-01-08T20:00:47","date_gmt":"2026-01-08T20:00:47","guid":{"rendered":"https:\/\/fibrasoma.group\/?page_id=2527"},"modified":"2026-02-04T05:03:32","modified_gmt":"2026-02-04T05:03:32","slug":"stock-price-volume","status":"publish","type":"page","link":"https:\/\/fibrasoma.group\/es\/investors\/stock-price-volume\/","title":{"rendered":"Precio de la acci\u00f3n"},"content":{"rendered":"\t\t<div data-elementor-type=\"wp-page\" data-elementor-id=\"2527\" class=\"elementor elementor-2527\" data-elementor-post-type=\"page\">\n\t\t\t\t<div class=\"elementor-element elementor-element-0aa47c8 e-flex e-con-boxed e-con e-parent\" data-id=\"0aa47c8\" data-element_type=\"container\" data-e-type=\"container\">\n\t\t\t\t\t<div class=\"e-con-inner\">\n\t\t\t\t\t<\/div>\n\t\t\t\t<\/div>\n\t\t<div class=\"elementor-element elementor-element-33c5931 e-flex e-con-boxed e-con e-parent\" data-id=\"33c5931\" data-element_type=\"container\" data-e-type=\"container\">\n\t\t\t\t\t<div class=\"e-con-inner\">\n\t\t\t\t<div class=\"elementor-element elementor-element-7261cac elementor-widget elementor-widget-heading\" data-id=\"7261cac\" data-element_type=\"widget\" data-e-type=\"widget\" data-widget_type=\"heading.default\">\n\t\t\t\t\t<h2 class=\"elementor-heading-title elementor-size-default\">Informaci\u00f3n burs\u00e1til<\/h2>\t\t\t\t<\/div>\n\t\t\t\t<div class=\"elementor-element elementor-element-2e3a7cd elementor-widget__width-initial elementor-widget elementor-widget-text-editor\" data-id=\"2e3a7cd\" data-element_type=\"widget\" data-e-type=\"widget\" data-widget_type=\"text-editor.default\">\n\t\t\t\t\t\t\t\t\tLos t\u00edtulos de FibraSOMA son Certificados Burs\u00e1tiles Fiduciarios Inmobiliarios (CBFIs), que respresentan derechos econ\u00f3micos y no acciones tradicionales. Nuestros CBIFs cotizan en BIVA desde nuestra OPI in 2021.\t\t\t\t\t\t\t\t<\/div>\n\t\t\t\t\t<\/div>\n\t\t\t\t<\/div>\n\t\t<div class=\"elementor-element elementor-element-330ff4c e-flex e-con-boxed e-con e-parent\" data-id=\"330ff4c\" data-element_type=\"container\" data-e-type=\"container\">\n\t\t\t\t\t<div class=\"e-con-inner\">\n\t\t\t\t<div class=\"elementor-element elementor-element-2514e33 elementor-widget elementor-widget-soma-share-quotation\" data-id=\"2514e33\" data-element_type=\"widget\" data-e-type=\"widget\" data-widget_type=\"soma-share-quotation.default\">\n\t\t\t\t<div class=\"elementor-widget-container\">\n\t\t\t\t\t\t\t<section class=\"soma-share-quotation soma-share-quotation--white-bg\"\n\t\t\tdata-symbol=\"Valor de la acci\u00f3n\"\n\t\t\tdata-price=\"$50.00 MXN\"\n\t\t\tdata-change=\"+0.00\"\n\t\t\tdata-percent=\"+0.00%\"\n\t\t\tdata-volume=\"5\"\n\t\t\tdata-lang=\"es\">\n\n\t\t\t<div class=\"soma-share-quotation__container\">\n\t\t\t\t<!-- Column 1: Title and Download -->\n\t\t\t\t<div class=\"soma-share-quotation__column soma-share-quotation__column--info\">\n\t\t\t\t\t<h2 class=\"soma-share-quotation__title\">\n\t\t\t\t\t\tSOMA21\t\t\t\t\t<\/h2>\n\t\t\t\t\t<span class=\"soma-share-quotation__symbol\">\n\t\t\t\t\t\tValor de la acci\u00f3n\t\t\t\t\t<\/span>\n\t\t\t\t\t\t\t\t\t<\/div>\n\n\t\t\t\t<!-- Column 2: Price, Change\/Percent, Date -->\n\t\t\t\t<div class=\"soma-share-quotation__column soma-share-quotation__column--price\">\n\t\t\t\t\t<div class=\"soma-share-quotation__data-row\">\n\t\t\t\t\t\t<span class=\"soma-share-quotation__label\">Valor actual<\/span>\n\t\t\t\t\t\t<span class=\"soma-share-quotation__price-value\">$50.00<\/span>\n\t\t\t\t\t<\/div>\n\t\t\t\t\t\t\t\t\t\t\t<div class=\"soma-share-quotation__data-row soma-share-quotation__data-row--change-combined\">\n\t\t\t\t\t\t\t<span class=\"soma-share-quotation__change soma-share-quotation__change--positive\">\n\t\t\t\t\t\t\t\t+0.00%\t\t\t\t\t\t\t<\/span>\n\t\t\t\t\t\t<\/div>\n\t\t\t\t\t\t\t\t\t\t\t\t\t\t<\/div>\n\n\t\t\t\t<!-- Column 3: Volume -->\n\t\t\t\t<div class=\"soma-share-quotation__column soma-share-quotation__column--volume\">\n\t\t\t\t\t\t\t\t\t<\/div>\n\t\t\t<\/div>\n\t\t<\/section>\n\t\t\t\t\t\t<\/div>\n\t\t\t\t<\/div>\n\t\t\t\t\t<\/div>\n\t\t\t\t<\/div>\n\t\t\t\t<\/div>\n\t\t","protected":false},"excerpt":{"rendered":"<p>Informaci\u00f3n burs\u00e1til Los t\u00edtulos de FibraSOMA son Certificados Burs\u00e1tiles Fiduciarios Inmobiliarios (CBFIs), que respresentan derechos econ\u00f3micos y no acciones tradicionales. Nuestros CBIFs cotizan en BIVA desde nuestra OPI in 2021. SOMA21 Valor de la acci\u00f3n Valor actual $50.00 +0.00%<\/p>\n","protected":false},"author":6,"featured_media":0,"parent":17,"menu_order":0,"comment_status":"closed","ping_status":"closed","template":"templates\/elementor-template.php","meta":{"_acf_changed":false,"footnotes":""},"class_list":["post-2527","page","type-page","status-publish","hentry"],"acf":[],"yoast_head":"<!-- This site is optimized with the Yoast SEO plugin v27.2 - https:\/\/yoast.com\/product\/yoast-seo-wordpress\/ -->\n<title>Precio de la acci\u00f3n<\/title>\n<meta name=\"robots\" content=\"index, follow, max-snippet:-1, max-image-preview:large, max-video-preview:-1\" \/>\n<link rel=\"canonical\" href=\"https:\/\/fibrasoma.group\/es\/investors\/stock-price-volume\/\" \/>\n<meta property=\"og:locale\" content=\"es_ES\" \/>\n<meta property=\"og:locale:alternate\" content=\"en_US\" \/>\n<meta property=\"og:type\" content=\"article\" \/>\n<meta property=\"og:title\" content=\"Precio de la acci\u00f3n\" \/>\n<meta property=\"og:description\" content=\"Informaci\u00f3n burs\u00e1til Los t\u00edtulos de FibraSOMA son Certificados Burs\u00e1tiles Fiduciarios Inmobiliarios (CBFIs), que respresentan derechos econ\u00f3micos y no acciones tradicionales. Nuestros CBIFs cotizan en BIVA desde nuestra OPI in 2021. SOMA21 Valor de la acci\u00f3n Valor actual $50.00 +0.00%\" \/>\n<meta property=\"og:url\" content=\"https:\/\/fibrasoma.group\/es\/investors\/stock-price-volume\/\" \/>\n<meta property=\"og:site_name\" content=\"FIBRA SOMA\" \/>\n<meta property=\"article:modified_time\" content=\"2026-02-04T05:03:32+00:00\" \/>\n<meta property=\"og:image\" content=\"https:\/\/fibrasoma.group\/wp-content\/uploads\/2021\/02\/fibra-soma-social-img.jpg\" \/>\n\t<meta property=\"og:image:width\" content=\"844\" \/>\n\t<meta property=\"og:image:height\" content=\"567\" \/>\n\t<meta property=\"og:image:type\" content=\"image\/jpeg\" \/>\n<meta name=\"twitter:card\" content=\"summary_large_image\" \/>\n<meta name=\"twitter:label1\" content=\"Tiempo de lectura\" \/>\n\t<meta name=\"twitter:data1\" content=\"1 minuto\" \/>\n<!-- \/ Yoast SEO plugin. -->","yoast_head_json":{"title":"Precio de la acci\u00f3n","robots":{"index":"index","follow":"follow","max-snippet":"max-snippet:-1","max-image-preview":"max-image-preview:large","max-video-preview":"max-video-preview:-1"},"canonical":"https:\/\/fibrasoma.group\/es\/investors\/stock-price-volume\/","og_locale":"es_ES","og_type":"article","og_title":"[:en]Stock Price[:es]Precio de la acci\u00f3n[:] |","og_description":"Informaci\u00f3n burs\u00e1til Los t\u00edtulos de FibraSOMA son Certificados Burs\u00e1tiles Fiduciarios Inmobiliarios (CBFIs), que respresentan derechos econ\u00f3micos y no acciones tradicionales. Nuestros CBIFs cotizan en BIVA desde nuestra OPI in 2021. SOMA21 Valor de la acci\u00f3n Valor actual $50.00 +0.00%","og_url":"https:\/\/fibrasoma.group\/es\/investors\/stock-price-volume\/","og_site_name":"FIBRA SOMA","article_modified_time":"2026-02-04T05:03:32+00:00","og_image":[{"width":844,"height":567,"url":"https:\/\/fibrasoma.group\/wp-content\/uploads\/2021\/02\/fibra-soma-social-img.jpg","type":"image\/jpeg"}],"twitter_card":"summary_large_image","twitter_misc":{"Tiempo de lectura":"1 minuto"},"schema":{"@context":"https:\/\/schema.org","@graph":[{"@type":"WebPage","@id":"https:\/\/fibrasoma.group\/es\/investors\/stock-price-volume\/","url":"https:\/\/fibrasoma.group\/es\/investors\/stock-price-volume\/","name":"Precio de la acci\u00f3n","isPartOf":{"@id":"https:\/\/fibrasoma.group\/#website"},"datePublished":"2026-01-08T20:00:47+00:00","dateModified":"2026-02-04T05:03:32+00:00","breadcrumb":{"@id":"https:\/\/fibrasoma.group\/es\/investors\/stock-price-volume\/#breadcrumb"},"inLanguage":"es-ES","potentialAction":[{"@type":"ReadAction","target":["https:\/\/fibrasoma.group\/es\/investors\/stock-price-volume\/"]}]},{"@type":"BreadcrumbList","@id":"https:\/\/fibrasoma.group\/es\/investors\/stock-price-volume\/#breadcrumb","itemListElement":[{"@type":"ListItem","position":1,"name":"Home","item":"https:\/\/fibrasoma.group\/es\/"},{"@type":"ListItem","position":2,"name":"Investors","item":"https:\/\/fibrasoma.group\/investors\/"},{"@type":"ListItem","position":3,"name":"Precio de la acci\u00f3n"}]},{"@type":"WebSite","@id":"https:\/\/fibrasoma.group\/#website","url":"https:\/\/fibrasoma.group\/","name":"FIBRA SOMA","description":"","publisher":{"@id":"https:\/\/fibrasoma.group\/#organization"},"potentialAction":[{"@type":"SearchAction","target":{"@type":"EntryPoint","urlTemplate":"https:\/\/fibrasoma.group\/?s={search_term_string}"},"query-input":{"@type":"PropertyValueSpecification","valueRequired":true,"valueName":"search_term_string"}}],"inLanguage":"es-ES"},{"@type":"Organization","@id":"https:\/\/fibrasoma.group\/#organization","name":"FIBRA Soma","url":"https:\/\/fibrasoma.group\/","logo":{"@type":"ImageObject","inLanguage":"es-ES","@id":"https:\/\/fibrasoma.group\/#\/schema\/logo\/image\/","url":"https:\/\/fibrasoma.group\/wp-content\/uploads\/2020\/11\/FIBRASOMA_logo.svg?wsr","contentUrl":"https:\/\/fibrasoma.group\/wp-content\/uploads\/2020\/11\/FIBRASOMA_logo.svg?wsr","width":292,"height":37,"caption":"FIBRA Soma"},"image":{"@id":"https:\/\/fibrasoma.group\/#\/schema\/logo\/image\/"}}]}},"_links":{"self":[{"href":"https:\/\/fibrasoma.group\/es\/wp-json\/wp\/v2\/pages\/2527","targetHints":{"allow":["GET"]}}],"collection":[{"href":"https:\/\/fibrasoma.group\/es\/wp-json\/wp\/v2\/pages"}],"about":[{"href":"https:\/\/fibrasoma.group\/es\/wp-json\/wp\/v2\/types\/page"}],"author":[{"embeddable":true,"href":"https:\/\/fibrasoma.group\/es\/wp-json\/wp\/v2\/users\/6"}],"replies":[{"embeddable":true,"href":"https:\/\/fibrasoma.group\/es\/wp-json\/wp\/v2\/comments?post=2527"}],"version-history":[{"count":44,"href":"https:\/\/fibrasoma.group\/es\/wp-json\/wp\/v2\/pages\/2527\/revisions"}],"predecessor-version":[{"id":3185,"href":"https:\/\/fibrasoma.group\/es\/wp-json\/wp\/v2\/pages\/2527\/revisions\/3185"}],"up":[{"embeddable":true,"href":"https:\/\/fibrasoma.group\/es\/wp-json\/wp\/v2\/pages\/17"}],"wp:attachment":[{"href":"https:\/\/fibrasoma.group\/es\/wp-json\/wp\/v2\/media?parent=2527"}],"curies":[{"name":"wp","href":"https:\/\/api.w.org\/{rel}","templated":true}]}}