{"id":2046,"date":"2026-01-05T17:52:10","date_gmt":"2026-01-05T17:52:10","guid":{"rendered":"https:\/\/fibrasoma.group\/?page_id=2046"},"modified":"2026-03-18T18:51:40","modified_gmt":"2026-03-18T18:51:40","slug":"team","status":"publish","type":"page","link":"https:\/\/fibrasoma.group\/es\/company\/team\/","title":{"rendered":"Equipo"},"content":{"rendered":"\t\t<div data-elementor-type=\"wp-page\" data-elementor-id=\"2046\" class=\"elementor elementor-2046\" data-elementor-post-type=\"page\">\n\t\t\t\t<div class=\"elementor-element elementor-element-b6bc083 e-flex e-con-boxed e-con e-parent\" data-id=\"b6bc083\" data-element_type=\"container\" data-e-type=\"container\">\n\t\t\t\t\t<div class=\"e-con-inner\">\n\t\t\t\t\t<\/div>\n\t\t\t\t<\/div>\n\t\t<div class=\"elementor-element elementor-element-329dd18 e-flex e-con-boxed e-con e-parent\" data-id=\"329dd18\" data-element_type=\"container\" data-e-type=\"container\">\n\t\t\t\t\t<div class=\"e-con-inner\">\n\t\t\t\t<div class=\"elementor-element elementor-element-b52c717 elementor-widget elementor-widget-heading\" data-id=\"b52c717\" data-element_type=\"widget\" data-e-type=\"widget\" data-widget_type=\"heading.default\">\n\t\t\t\t\t<h2 class=\"elementor-heading-title elementor-size-default\">Equipo<\/h2>\t\t\t\t<\/div>\n\t\t\t\t<div class=\"elementor-element elementor-element-4f6616e elementor-widget__width-initial elementor-widget elementor-widget-text-editor\" data-id=\"4f6616e\" data-element_type=\"widget\" data-e-type=\"widget\" data-widget_type=\"text-editor.default\">\n\t\t\t\t\t\t\t\t\t<p>En FibraSOMA estamos convencidos de que el talento interno, la experiencia, el liderazgo y el trabajo colaborativo son pilares para construir proyectos s\u00f3lidos y de valor sostenido. Este enfoque se refleja en nuestra certificaci\u00f3n Great Place to Work, que reconoce la calidad de nuestro ambiente y pr\u00e1cticas laborales.<\/p>\t\t\t\t\t\t\t\t<\/div>\n\t\t\t\t<div class=\"elementor-element elementor-element-b5e6201 elementor-widget__width-initial elementor-widget elementor-widget-text-editor\" data-id=\"b5e6201\" data-element_type=\"widget\" data-e-type=\"widget\" data-widget_type=\"text-editor.default\">\n\t\t\t\t\t\t\t\t\t<p>Creemos en la mejora continua y en la evoluci\u00f3n constante de nuestros procesos y capacidades, lo que nos impulsa a seguir generando valor a largo plazo para nuestros inversionistas y grupos de inter\u00e9s.<\/p>\t\t\t\t\t\t\t\t<\/div>\n\t\t\t\t\t<\/div>\n\t\t\t\t<\/div>\n\t\t<div class=\"elementor-element elementor-element-d7d481a e-grid e-con-boxed e-con e-parent\" data-id=\"d7d481a\" data-element_type=\"container\" data-e-type=\"container\">\n\t\t\t\t\t<div class=\"e-con-inner\">\n\t\t\t\t<div class=\"elementor-element elementor-element-a800148 elementor-widget elementor-widget-heading\" data-id=\"a800148\" data-element_type=\"widget\" data-e-type=\"widget\" data-widget_type=\"heading.default\">\n\t\t\t\t\t<h2 class=\"elementor-heading-title elementor-size-default\">Principales<\/h2>\t\t\t\t<\/div>\n\t\t\t\t<div class=\"elementor-element elementor-element-3f094a8 elementor-widget elementor-widget-soma-team-members\" data-id=\"3f094a8\" data-element_type=\"widget\" data-e-type=\"widget\" data-widget_type=\"soma-team-members.default\">\n\t\t\t\t<div class=\"elementor-widget-container\">\n\t\t\t\t\t\t\t<section class=\"soma-team-members grayscale name-underline\">\n\t\t\t<div class=\"container\">\n\t\t\t\t\n\t\t\t\t\t\t\t\t\t<div class=\"team-grid columns-2\">\n\t\t\t\t\t\t\t\t\t\t\t\t\t\t\t\t\t\t\t\t<article class=\"team-member has-link\">\n\t\t\t\t\t\t\t\t\t\t\t\t\t\t\t\t\t\t\t\t\t\t\t\t\t\t\t\t<a href=\"https:\/\/fibrasoma.group\/es\/team-members\/jose-juan-sordo-madaleno-de-haro-2\/\" class=\"team-member-link\" aria-label=\"Ver perfil de Jos\u00e9 Juan Sordo Madaleno de Haro\">\n\t\t\t\t\t\t\t\t\t\t\t\t\t\t\t\t\t\t\t\t\t\t\t\t\t<div class=\"member-image \">\n\t\t\t\t\t\t\t\t\t\t\t\t\t\t\t\t\t\t\t<img \n\t\t\t\t\t\t\t\t\t\t\tsrc=\"https:\/\/fibrasoma.group\/wp-content\/uploads\/2020\/11\/JoseJuan_SMH-819x1024.jpg\" \n\t\t\t\t\t\t\t\t\t\t\talt=\"Jos\u00e9 Juan Sordo Madaleno de Haro\"\n\t\t\t\t\t\t\t\t\t\t\tloading=\"lazy\"\n\t\t\t\t\t\t\t\t\t\t>\n\t\t\t\t\t\t\t\t\t\t\t\t\t\t\t\t\t\t<\/div>\n\t\t\t\t\t\t\t\t\n\t\t\t\t\t\t\t\t<div class=\"member-info\">\n\t\t\t\t\t\t\t\t\t<div class=\"member-name\">\n\t\t\t\t\t\t\t\t\t\tJos\u00e9 Juan Sordo Madaleno de Haro\t\t\t\t\t\t\t\t\t<\/div>\n\n\t\t\t\t\t\t\t\t\t\t\t\t\t\t\t\t\t\t\t<div class=\"member-position\">\n\t\t\t\t\t\t\t\t\t\t\tCEO\t\t\t\t\t\t\t\t\t\t<\/div>\n\t\t\t\t\t\t\t\t\t\t\t\t\t\t\t\t\t<\/div>\n\n\t\t\t\t\t\t\t\t\t\t\t\t\t\t\t\t<\/a>\n\t\t\t\t\t\t\t\t\t\t\t\t\t\t\t<\/article>\n\t\t\t\t\t\t\t\t\t\t\t<\/div>\n\t\t\t\t\t\t\t<\/div>\n\t\t<\/section>\n\t\t\t\t\t\t<\/div>\n\t\t\t\t<\/div>\n\t\t\t\t\t<\/div>\n\t\t\t\t<\/div>\n\t\t<div class=\"elementor-element elementor-element-fa18bda e-flex e-con-boxed e-con e-parent\" data-id=\"fa18bda\" data-element_type=\"container\" data-e-type=\"container\">\n\t\t\t\t\t<div class=\"e-con-inner\">\n\t\t\t\t<div class=\"elementor-element elementor-element-a3abeae elementor-widget elementor-widget-spacer\" data-id=\"a3abeae\" data-element_type=\"widget\" data-e-type=\"widget\" data-widget_type=\"spacer.default\">\n\t\t\t\t\t\t\t<div class=\"elementor-spacer\">\n\t\t\t<div class=\"elementor-spacer-inner\"><\/div>\n\t\t<\/div>\n\t\t\t\t\t\t<\/div>\n\t\t\t\t\t<\/div>\n\t\t\t\t<\/div>\n\t\t<div class=\"elementor-element elementor-element-b07557f e-grid e-con-boxed e-con e-parent\" data-id=\"b07557f\" data-element_type=\"container\" data-e-type=\"container\">\n\t\t\t\t\t<div class=\"e-con-inner\">\n\t\t\t\t<div class=\"elementor-element elementor-element-d738d6a elementor-widget elementor-widget-heading\" data-id=\"d738d6a\" data-element_type=\"widget\" data-e-type=\"widget\" data-widget_type=\"heading.default\">\n\t\t\t\t\t<h2 class=\"elementor-heading-title elementor-size-default\">Directores<\/h2>\t\t\t\t<\/div>\n\t\t\t\t<div class=\"elementor-element elementor-element-5e6c5d1 elementor-widget elementor-widget-soma-team-members\" data-id=\"5e6c5d1\" data-element_type=\"widget\" data-e-type=\"widget\" data-widget_type=\"soma-team-members.default\">\n\t\t\t\t<div class=\"elementor-widget-container\">\n\t\t\t\t\t\t\t<section class=\"soma-team-members grayscale name-underline\">\n\t\t\t<div class=\"container\">\n\t\t\t\t\n\t\t\t\t\t\t\t\t\t<div class=\"team-grid columns-3\">\n\t\t\t\t\t\t\t\t\t\t\t\t\t\t\t\t\t\t\t\t<article class=\"team-member has-link\">\n\t\t\t\t\t\t\t\t\t\t\t\t\t\t\t\t\t\t\t\t\t\t\t\t\t\t\t\t<a href=\"https:\/\/fibrasoma.group\/es\/team-members\/joris-houben\/\" class=\"team-member-link\" aria-label=\"Ver perfil de Joris Houben\">\n\t\t\t\t\t\t\t\t\t\t\t\t\t\t\t\t\t\t\t\t\t\t\t\t\t<div class=\"member-image \">\n\t\t\t\t\t\t\t\t\t\t\t\t\t\t\t\t\t\t\t<img \n\t\t\t\t\t\t\t\t\t\t\tsrc=\"https:\/\/fibrasoma.group\/wp-content\/uploads\/2020\/11\/Joris_Houben-819x1024.jpg\" \n\t\t\t\t\t\t\t\t\t\t\talt=\"Joris Houben\"\n\t\t\t\t\t\t\t\t\t\t\tloading=\"lazy\"\n\t\t\t\t\t\t\t\t\t\t>\n\t\t\t\t\t\t\t\t\t\t\t\t\t\t\t\t\t\t<\/div>\n\t\t\t\t\t\t\t\t\n\t\t\t\t\t\t\t\t<div class=\"member-info\">\n\t\t\t\t\t\t\t\t\t<div class=\"member-name\">\n\t\t\t\t\t\t\t\t\t\tJoris Houben\t\t\t\t\t\t\t\t\t<\/div>\n\n\t\t\t\t\t\t\t\t\t\t\t\t\t\t\t\t\t\t\t<div class=\"member-position\">\n\t\t\t\t\t\t\t\t\t\t\tInversiones\t\t\t\t\t\t\t\t\t\t<\/div>\n\t\t\t\t\t\t\t\t\t\t\t\t\t\t\t\t\t<\/div>\n\n\t\t\t\t\t\t\t\t\t\t\t\t\t\t\t\t<\/a>\n\t\t\t\t\t\t\t\t\t\t\t\t\t\t\t<\/article>\n\t\t\t\t\t\t\t\t\t\t\t\t\t\t\t\t\t\t\t\t<article class=\"team-member has-link\">\n\t\t\t\t\t\t\t\t\t\t\t\t\t\t\t\t\t\t\t\t\t\t\t\t\t\t\t\t<a href=\"https:\/\/fibrasoma.group\/es\/team-members\/carlos-fainsod\/\" class=\"team-member-link\" aria-label=\"Ver perfil de Carlos Fainsod\">\n\t\t\t\t\t\t\t\t\t\t\t\t\t\t\t\t\t\t\t\t\t\t\t\t\t<div class=\"member-image \">\n\t\t\t\t\t\t\t\t\t\t\t\t\t\t\t\t\t\t\t<img \n\t\t\t\t\t\t\t\t\t\t\tsrc=\"https:\/\/fibrasoma.group\/wp-content\/uploads\/2020\/11\/2025_Carlos_Fainsod_Portrait_01-819x1024.jpg\" \n\t\t\t\t\t\t\t\t\t\t\talt=\"Carlos Fainsod\"\n\t\t\t\t\t\t\t\t\t\t\tloading=\"lazy\"\n\t\t\t\t\t\t\t\t\t\t>\n\t\t\t\t\t\t\t\t\t\t\t\t\t\t\t\t\t\t<\/div>\n\t\t\t\t\t\t\t\t\n\t\t\t\t\t\t\t\t<div class=\"member-info\">\n\t\t\t\t\t\t\t\t\t<div class=\"member-name\">\n\t\t\t\t\t\t\t\t\t\tCarlos Fainsod\t\t\t\t\t\t\t\t\t<\/div>\n\n\t\t\t\t\t\t\t\t\t\t\t\t\t\t\t\t\t\t\t<div class=\"member-position\">\n\t\t\t\t\t\t\t\t\t\t\tDirector Financiero CFO\t\t\t\t\t\t\t\t\t\t<\/div>\n\t\t\t\t\t\t\t\t\t\t\t\t\t\t\t\t\t<\/div>\n\n\t\t\t\t\t\t\t\t\t\t\t\t\t\t\t\t<\/a>\n\t\t\t\t\t\t\t\t\t\t\t\t\t\t\t<\/article>\n\t\t\t\t\t\t\t\t\t\t\t\t\t\t\t\t\t\t\t\t<article class=\"team-member has-link\">\n\t\t\t\t\t\t\t\t\t\t\t\t\t\t\t\t\t\t\t\t\t\t\t\t\t\t\t\t<a href=\"https:\/\/fibrasoma.group\/es\/team-members\/paola-valencia\/\" class=\"team-member-link\" aria-label=\"Ver perfil de Paola Valencia\">\n\t\t\t\t\t\t\t\t\t\t\t\t\t\t\t\t\t\t\t\t\t\t\t\t\t<div class=\"member-image \">\n\t\t\t\t\t\t\t\t\t\t\t\t\t\t\t\t\t\t\t<img \n\t\t\t\t\t\t\t\t\t\t\tsrc=\"https:\/\/fibrasoma.group\/wp-content\/uploads\/2026\/01\/2026_Retrato_Paola-5-819x1024.jpg\" \n\t\t\t\t\t\t\t\t\t\t\talt=\"Paola Valencia\"\n\t\t\t\t\t\t\t\t\t\t\tloading=\"lazy\"\n\t\t\t\t\t\t\t\t\t\t>\n\t\t\t\t\t\t\t\t\t\t\t\t\t\t\t\t\t\t<\/div>\n\t\t\t\t\t\t\t\t\n\t\t\t\t\t\t\t\t<div class=\"member-info\">\n\t\t\t\t\t\t\t\t\t<div class=\"member-name\">\n\t\t\t\t\t\t\t\t\t\tPaola Valencia\t\t\t\t\t\t\t\t\t<\/div>\n\n\t\t\t\t\t\t\t\t\t\t\t\t\t\t\t\t\t\t\t<div class=\"member-position\">\n\t\t\t\t\t\t\t\t\t\t\tDirectora Legal\t\t\t\t\t\t\t\t\t\t<\/div>\n\t\t\t\t\t\t\t\t\t\t\t\t\t\t\t\t\t<\/div>\n\n\t\t\t\t\t\t\t\t\t\t\t\t\t\t\t\t<\/a>\n\t\t\t\t\t\t\t\t\t\t\t\t\t\t\t<\/article>\n\t\t\t\t\t\t\t\t\t\t\t\t\t\t\t\t\t\t\t\t<article class=\"team-member has-link\">\n\t\t\t\t\t\t\t\t\t\t\t\t\t\t\t\t\t\t\t\t\t\t\t\t\t\t\t\t<a href=\"https:\/\/fibrasoma.group\/es\/team-members\/rosalba-rojas\/\" class=\"team-member-link\" aria-label=\"Ver perfil de Rosalba Rojas\">\n\t\t\t\t\t\t\t\t\t\t\t\t\t\t\t\t\t\t\t\t\t\t\t\t\t<div class=\"member-image \">\n\t\t\t\t\t\t\t\t\t\t\t\t\t\t\t\t\t\t\t<img \n\t\t\t\t\t\t\t\t\t\t\tsrc=\"https:\/\/fibrasoma.group\/wp-content\/uploads\/2020\/11\/Rosalba_Rojas-819x1024.jpg\" \n\t\t\t\t\t\t\t\t\t\t\talt=\"Rosalba Rojas\"\n\t\t\t\t\t\t\t\t\t\t\tloading=\"lazy\"\n\t\t\t\t\t\t\t\t\t\t>\n\t\t\t\t\t\t\t\t\t\t\t\t\t\t\t\t\t\t<\/div>\n\t\t\t\t\t\t\t\t\n\t\t\t\t\t\t\t\t<div class=\"member-info\">\n\t\t\t\t\t\t\t\t\t<div class=\"member-name\">\n\t\t\t\t\t\t\t\t\t\tRosalba Rojas\t\t\t\t\t\t\t\t\t<\/div>\n\n\t\t\t\t\t\t\t\t\t\t\t\t\t\t\t\t\t\t\t<div class=\"member-position\">\n\t\t\t\t\t\t\t\t\t\t\tDirectora de ASG y Comunicaci\u00f3n\t\t\t\t\t\t\t\t\t\t<\/div>\n\t\t\t\t\t\t\t\t\t\t\t\t\t\t\t\t\t<\/div>\n\n\t\t\t\t\t\t\t\t\t\t\t\t\t\t\t\t<\/a>\n\t\t\t\t\t\t\t\t\t\t\t\t\t\t\t<\/article>\n\t\t\t\t\t\t\t\t\t\t\t\t\t\t\t\t\t\t\t\t<article class=\"team-member has-link\">\n\t\t\t\t\t\t\t\t\t\t\t\t\t\t\t\t\t\t\t\t\t\t\t\t\t\t\t\t<a href=\"https:\/\/fibrasoma.group\/es\/team-members\/raul-gutierrez\/\" class=\"team-member-link\" aria-label=\"Ver perfil de Ra\u00fal Guti\u00e9rrez\">\n\t\t\t\t\t\t\t\t\t\t\t\t\t\t\t\t\t\t\t\t\t\t\t\t\t<div class=\"member-image \">\n\t\t\t\t\t\t\t\t\t\t\t\t\t\t\t\t\t\t\t<img \n\t\t\t\t\t\t\t\t\t\t\tsrc=\"https:\/\/fibrasoma.group\/wp-content\/uploads\/2020\/11\/Raul_Gutierrez-819x1024.jpg\" \n\t\t\t\t\t\t\t\t\t\t\talt=\"Ra\u00fal Guti\u00e9rrez\"\n\t\t\t\t\t\t\t\t\t\t\tloading=\"lazy\"\n\t\t\t\t\t\t\t\t\t\t>\n\t\t\t\t\t\t\t\t\t\t\t\t\t\t\t\t\t\t<\/div>\n\t\t\t\t\t\t\t\t\n\t\t\t\t\t\t\t\t<div class=\"member-info\">\n\t\t\t\t\t\t\t\t\t<div class=\"member-name\">\n\t\t\t\t\t\t\t\t\t\tRa\u00fal Guti\u00e9rrez\t\t\t\t\t\t\t\t\t<\/div>\n\n\t\t\t\t\t\t\t\t\t\t\t\t\t\t\t\t\t\t\t<div class=\"member-position\">\n\t\t\t\t\t\t\t\t\t\t\tDirector de inversiones\t\t\t\t\t\t\t\t\t\t<\/div>\n\t\t\t\t\t\t\t\t\t\t\t\t\t\t\t\t\t<\/div>\n\n\t\t\t\t\t\t\t\t\t\t\t\t\t\t\t\t<\/a>\n\t\t\t\t\t\t\t\t\t\t\t\t\t\t\t<\/article>\n\t\t\t\t\t\t\t\t\t\t\t\t\t\t\t\t\t\t\t\t<article class=\"team-member has-link\">\n\t\t\t\t\t\t\t\t\t\t\t\t\t\t\t\t\t\t\t\t\t\t\t\t\t\t\t\t<a href=\"https:\/\/fibrasoma.group\/es\/team-members\/ana-joaquina\/\" class=\"team-member-link\" aria-label=\"Ver perfil de Ana Joaquina L\u00f3pez\">\n\t\t\t\t\t\t\t\t\t\t\t\t\t\t\t\t\t\t\t\t\t\t\t\t\t<div class=\"member-image \">\n\t\t\t\t\t\t\t\t\t\t\t\t\t\t\t\t\t\t\t<img \n\t\t\t\t\t\t\t\t\t\t\tsrc=\"https:\/\/fibrasoma.group\/wp-content\/uploads\/2020\/11\/AnaJoaquina_Lopez-819x1024.jpg\" \n\t\t\t\t\t\t\t\t\t\t\talt=\"Ana Joaquina L\u00f3pez\"\n\t\t\t\t\t\t\t\t\t\t\tloading=\"lazy\"\n\t\t\t\t\t\t\t\t\t\t>\n\t\t\t\t\t\t\t\t\t\t\t\t\t\t\t\t\t\t<\/div>\n\t\t\t\t\t\t\t\t\n\t\t\t\t\t\t\t\t<div class=\"member-info\">\n\t\t\t\t\t\t\t\t\t<div class=\"member-name\">\n\t\t\t\t\t\t\t\t\t\tAna Joaquina L\u00f3pez\t\t\t\t\t\t\t\t\t<\/div>\n\n\t\t\t\t\t\t\t\t\t\t\t\t\t\t\t\t\t\t\t<div class=\"member-position\">\n\t\t\t\t\t\t\t\t\t\t\tDirectora de inversiones\t\t\t\t\t\t\t\t\t\t<\/div>\n\t\t\t\t\t\t\t\t\t\t\t\t\t\t\t\t\t<\/div>\n\n\t\t\t\t\t\t\t\t\t\t\t\t\t\t\t\t<\/a>\n\t\t\t\t\t\t\t\t\t\t\t\t\t\t\t<\/article>\n\t\t\t\t\t\t\t\t\t\t\t\t\t\t\t\t\t\t\t\t<article class=\"team-member has-link\">\n\t\t\t\t\t\t\t\t\t\t\t\t\t\t\t\t\t\t\t\t\t\t\t\t\t\t\t\t<a href=\"https:\/\/fibrasoma.group\/es\/team-members\/jesus-mejia\/\" class=\"team-member-link\" aria-label=\"Ver perfil de Jes\u00fas Mej\u00eda\">\n\t\t\t\t\t\t\t\t\t\t\t\t\t\t\t\t\t\t\t\t\t\t\t\t\t<div class=\"member-image \">\n\t\t\t\t\t\t\t\t\t\t\t\t\t\t\t\t\t\t\t<img \n\t\t\t\t\t\t\t\t\t\t\tsrc=\"https:\/\/fibrasoma.group\/wp-content\/uploads\/2020\/11\/Jesus_Mejia-819x1024.jpg\" \n\t\t\t\t\t\t\t\t\t\t\talt=\"Jes\u00fas Mej\u00eda\"\n\t\t\t\t\t\t\t\t\t\t\tloading=\"lazy\"\n\t\t\t\t\t\t\t\t\t\t>\n\t\t\t\t\t\t\t\t\t\t\t\t\t\t\t\t\t\t<\/div>\n\t\t\t\t\t\t\t\t\n\t\t\t\t\t\t\t\t<div class=\"member-info\">\n\t\t\t\t\t\t\t\t\t<div class=\"member-name\">\n\t\t\t\t\t\t\t\t\t\tJes\u00fas Mej\u00eda\t\t\t\t\t\t\t\t\t<\/div>\n\n\t\t\t\t\t\t\t\t\t\t\t\t\t\t\t\t\t\t\t<div class=\"member-position\">\n\t\t\t\t\t\t\t\t\t\t\tDirector de Informaci\u00f3n financiera\t\t\t\t\t\t\t\t\t\t<\/div>\n\t\t\t\t\t\t\t\t\t\t\t\t\t\t\t\t\t<\/div>\n\n\t\t\t\t\t\t\t\t\t\t\t\t\t\t\t\t<\/a>\n\t\t\t\t\t\t\t\t\t\t\t\t\t\t\t<\/article>\n\t\t\t\t\t\t\t\t\t\t\t<\/div>\n\t\t\t\t\t\t\t<\/div>\n\t\t<\/section>\n\t\t\t\t\t\t<\/div>\n\t\t\t\t<\/div>\n\t\t\t\t\t<\/div>\n\t\t\t\t<\/div>\n\t\t<div class=\"elementor-element elementor-element-8b1a07d e-flex e-con-boxed e-con e-parent\" data-id=\"8b1a07d\" data-element_type=\"container\" data-e-type=\"container\">\n\t\t\t\t\t<div class=\"e-con-inner\">\n\t\t\t\t<div class=\"elementor-element elementor-element-fbadd6c elementor-widget elementor-widget-spacer\" data-id=\"fbadd6c\" data-element_type=\"widget\" data-e-type=\"widget\" data-widget_type=\"spacer.default\">\n\t\t\t\t\t\t\t<div class=\"elementor-spacer\">\n\t\t\t<div class=\"elementor-spacer-inner\"><\/div>\n\t\t<\/div>\n\t\t\t\t\t\t<\/div>\n\t\t\t\t\t<\/div>\n\t\t\t\t<\/div>\n\t\t<div class=\"elementor-element elementor-element-406aeae e-flex e-con-boxed e-con e-parent\" data-id=\"406aeae\" data-element_type=\"container\" data-e-type=\"container\">\n\t\t\t\t\t<div class=\"e-con-inner\">\n\t\t\t\t\t<\/div>\n\t\t\t\t<\/div>\n\t\t\t\t<\/div>\n\t\t","protected":false},"excerpt":{"rendered":"<p>Equipo En FibraSOMA estamos convencidos de que el talento interno, la experiencia, el liderazgo y el trabajo colaborativo son pilares para construir proyectos s\u00f3lidos y de valor sostenido. Este enfoque se refleja en nuestra certificaci\u00f3n Great Place to Work, que reconoce la calidad de nuestro ambiente y pr\u00e1cticas laborales. Creemos en la mejora continua y [&hellip;]<\/p>\n","protected":false},"author":5,"featured_media":0,"parent":1888,"menu_order":0,"comment_status":"closed","ping_status":"closed","template":"templates\/elementor-template.php","meta":{"_acf_changed":false,"footnotes":""},"class_list":["post-2046","page","type-page","status-publish","hentry"],"acf":[],"yoast_head":"<!-- This site is optimized with the Yoast SEO plugin v27.2 - https:\/\/yoast.com\/product\/yoast-seo-wordpress\/ -->\n<title>Equipo<\/title>\n<meta name=\"robots\" content=\"index, follow, max-snippet:-1, max-image-preview:large, max-video-preview:-1\" \/>\n<link rel=\"canonical\" href=\"https:\/\/fibrasoma.group\/es\/company\/team\/\" \/>\n<meta property=\"og:locale\" content=\"es_ES\" \/>\n<meta property=\"og:locale:alternate\" content=\"en_US\" \/>\n<meta property=\"og:type\" content=\"article\" \/>\n<meta property=\"og:title\" content=\"Equipo\" \/>\n<meta property=\"og:description\" content=\"Equipo En FibraSOMA estamos convencidos de que el talento interno, la experiencia, el liderazgo y el trabajo colaborativo son pilares para construir proyectos s\u00f3lidos y de valor sostenido. Este enfoque se refleja en nuestra certificaci\u00f3n Great Place to Work, que reconoce la calidad de nuestro ambiente y pr\u00e1cticas laborales. Creemos en la mejora continua y [&hellip;]\" \/>\n<meta property=\"og:url\" content=\"https:\/\/fibrasoma.group\/es\/company\/team\/\" \/>\n<meta property=\"og:site_name\" content=\"FIBRA SOMA\" \/>\n<meta property=\"article:modified_time\" content=\"2026-03-18T18:51:40+00:00\" \/>\n<meta property=\"og:image\" content=\"https:\/\/fibrasoma.group\/wp-content\/uploads\/2020\/11\/JoseJuan_SMH-819x1024.jpg\" \/>\n<meta name=\"twitter:card\" content=\"summary_large_image\" \/>\n<meta name=\"twitter:label1\" content=\"Tiempo de lectura\" \/>\n\t<meta name=\"twitter:data1\" content=\"2 minutos\" \/>\n<!-- \/ Yoast SEO plugin. -->","yoast_head_json":{"title":"Equipo","robots":{"index":"index","follow":"follow","max-snippet":"max-snippet:-1","max-image-preview":"max-image-preview:large","max-video-preview":"max-video-preview:-1"},"canonical":"https:\/\/fibrasoma.group\/es\/company\/team\/","og_locale":"es_ES","og_type":"article","og_title":"[:en]Team[:es]Equipo[:] |","og_description":"Equipo En FibraSOMA estamos convencidos de que el talento interno, la experiencia, el liderazgo y el trabajo colaborativo son pilares para construir proyectos s\u00f3lidos y de valor sostenido. Este enfoque se refleja en nuestra certificaci\u00f3n Great Place to Work, que reconoce la calidad de nuestro ambiente y pr\u00e1cticas laborales. Creemos en la mejora continua y [&hellip;]","og_url":"https:\/\/fibrasoma.group\/es\/company\/team\/","og_site_name":"FIBRA SOMA","article_modified_time":"2026-03-18T18:51:40+00:00","og_image":[{"url":"https:\/\/fibrasoma.group\/wp-content\/uploads\/2020\/11\/JoseJuan_SMH-819x1024.jpg","type":"","width":"","height":""}],"twitter_card":"summary_large_image","twitter_misc":{"Tiempo de lectura":"2 minutos"},"schema":{"@context":"https:\/\/schema.org","@graph":[{"@type":"WebPage","@id":"https:\/\/fibrasoma.group\/company\/team\/","url":"https:\/\/fibrasoma.group\/company\/team\/","name":"Equipo","isPartOf":{"@id":"https:\/\/fibrasoma.group\/#website"},"primaryImageOfPage":{"@id":"https:\/\/fibrasoma.group\/company\/team\/#primaryimage"},"image":{"@id":"https:\/\/fibrasoma.group\/company\/team\/#primaryimage"},"thumbnailUrl":"https:\/\/fibrasoma.group\/wp-content\/uploads\/2020\/11\/JoseJuan_SMH-819x1024.jpg","datePublished":"2026-01-05T17:52:10+00:00","dateModified":"2026-03-18T18:51:40+00:00","breadcrumb":{"@id":"https:\/\/fibrasoma.group\/company\/team\/#breadcrumb"},"inLanguage":"es-ES","potentialAction":[{"@type":"ReadAction","target":["https:\/\/fibrasoma.group\/company\/team\/"]}]},{"@type":"ImageObject","inLanguage":"es-ES","@id":"https:\/\/fibrasoma.group\/company\/team\/#primaryimage","url":"https:\/\/fibrasoma.group\/wp-content\/uploads\/2020\/11\/JoseJuan_SMH-819x1024.jpg","contentUrl":"https:\/\/fibrasoma.group\/wp-content\/uploads\/2020\/11\/JoseJuan_SMH-819x1024.jpg"},{"@type":"BreadcrumbList","@id":"https:\/\/fibrasoma.group\/company\/team\/#breadcrumb","itemListElement":[{"@type":"ListItem","position":1,"name":"Home","item":"https:\/\/fibrasoma.group\/es\/"},{"@type":"ListItem","position":2,"name":"Company","item":"https:\/\/fibrasoma.group\/company\/"},{"@type":"ListItem","position":3,"name":"Team"}]},{"@type":"WebSite","@id":"https:\/\/fibrasoma.group\/#website","url":"https:\/\/fibrasoma.group\/","name":"FIBRA SOMA","description":"","publisher":{"@id":"https:\/\/fibrasoma.group\/#organization"},"potentialAction":[{"@type":"SearchAction","target":{"@type":"EntryPoint","urlTemplate":"https:\/\/fibrasoma.group\/?s={search_term_string}"},"query-input":{"@type":"PropertyValueSpecification","valueRequired":true,"valueName":"search_term_string"}}],"inLanguage":"es-ES"},{"@type":"Organization","@id":"https:\/\/fibrasoma.group\/#organization","name":"FIBRA Soma","url":"https:\/\/fibrasoma.group\/","logo":{"@type":"ImageObject","inLanguage":"es-ES","@id":"https:\/\/fibrasoma.group\/#\/schema\/logo\/image\/","url":"https:\/\/fibrasoma.group\/wp-content\/uploads\/2020\/11\/FIBRASOMA_logo.svg?wsr","contentUrl":"https:\/\/fibrasoma.group\/wp-content\/uploads\/2020\/11\/FIBRASOMA_logo.svg?wsr","width":292,"height":37,"caption":"FIBRA Soma"},"image":{"@id":"https:\/\/fibrasoma.group\/#\/schema\/logo\/image\/"}}]}},"_links":{"self":[{"href":"https:\/\/fibrasoma.group\/es\/wp-json\/wp\/v2\/pages\/2046","targetHints":{"allow":["GET"]}}],"collection":[{"href":"https:\/\/fibrasoma.group\/es\/wp-json\/wp\/v2\/pages"}],"about":[{"href":"https:\/\/fibrasoma.group\/es\/wp-json\/wp\/v2\/types\/page"}],"author":[{"embeddable":true,"href":"https:\/\/fibrasoma.group\/es\/wp-json\/wp\/v2\/users\/5"}],"replies":[{"embeddable":true,"href":"https:\/\/fibrasoma.group\/es\/wp-json\/wp\/v2\/comments?post=2046"}],"version-history":[{"count":309,"href":"https:\/\/fibrasoma.group\/es\/wp-json\/wp\/v2\/pages\/2046\/revisions"}],"predecessor-version":[{"id":5420,"href":"https:\/\/fibrasoma.group\/es\/wp-json\/wp\/v2\/pages\/2046\/revisions\/5420"}],"up":[{"embeddable":true,"href":"https:\/\/fibrasoma.group\/es\/wp-json\/wp\/v2\/pages\/1888"}],"wp:attachment":[{"href":"https:\/\/fibrasoma.group\/es\/wp-json\/wp\/v2\/media?parent=2046"}],"curies":[{"name":"wp","href":"https:\/\/api.w.org\/{rel}","templated":true}]}}