{"id":1975,"date":"2026-01-02T04:20:15","date_gmt":"2026-01-02T04:20:15","guid":{"rendered":"https:\/\/fibrasoma.group\/?page_id=1975"},"modified":"2026-01-25T23:56:38","modified_gmt":"2026-01-25T23:56:38","slug":"portfolio-2","status":"publish","type":"page","link":"https:\/\/fibrasoma.group\/es\/portfolio-2\/","title":{"rendered":"Portafolio"},"content":{"rendered":"\t\t<div data-elementor-type=\"wp-page\" data-elementor-id=\"1975\" class=\"elementor elementor-1975\" data-elementor-post-type=\"page\">\n\t\t\t\t<div class=\"elementor-element elementor-element-1e4e412 e-flex e-con-boxed e-con e-parent\" data-id=\"1e4e412\" data-element_type=\"container\" data-e-type=\"container\">\n\t\t\t\t\t<div class=\"e-con-inner\">\n\t\t\t\t\t<\/div>\n\t\t\t\t<\/div>\n\t\t<div class=\"elementor-element elementor-element-76c45d6 e-flex e-con-boxed e-con e-parent\" data-id=\"76c45d6\" data-element_type=\"container\" data-e-type=\"container\" data-settings=\"{&quot;background_background&quot;:&quot;classic&quot;}\">\n\t\t\t\t\t<div class=\"e-con-inner\">\n\t\t\t\t<div class=\"elementor-element elementor-element-83eb42d elementor-widget elementor-widget-text-editor\" data-id=\"83eb42d\" data-element_type=\"widget\" data-e-type=\"widget\" data-widget_type=\"text-editor.default\">\n\t\t\t\t\t\t\t\t\t<p class=\"p1\">Nos consolidamos como un socio financiero confiable, capaz de generar valor en cada proyecto<\/p>\t\t\t\t\t\t\t\t<\/div>\n\t\t\t\t\t<\/div>\n\t\t\t\t<\/div>\n\t\t<div class=\"elementor-element elementor-element-5764bbf e-flex e-con-boxed e-con e-parent\" data-id=\"5764bbf\" data-element_type=\"container\" data-e-type=\"container\">\n\t\t\t\t\t<div class=\"e-con-inner\">\n\t\t<div class=\"elementor-element elementor-element-7bc9b84 e-con-full e-flex e-con e-child\" data-id=\"7bc9b84\" data-element_type=\"container\" data-e-type=\"container\">\n\t\t\t\t<div class=\"elementor-element elementor-element-e75be52 elementor-widget elementor-widget-text-editor\" data-id=\"e75be52\" data-element_type=\"widget\" data-e-type=\"widget\" data-widget_type=\"text-editor.default\">\n\t\t\t\t\t\t\t\t\t<p class=\"p1\">Nuestro portafolio est\u00e1 estrat\u00e9gicamente ubicado en regiones con creciente actividad econ\u00f3mica, en zonas altamente pobladas y dentro de los corredores m\u00e1s destacados de M\u00e9xico.<\/p>\t\t\t\t\t\t\t\t<\/div>\n\t\t\t\t<div class=\"elementor-element elementor-element-1fa9630 elementor-widget elementor-widget-text-editor\" data-id=\"1fa9630\" data-element_type=\"widget\" data-e-type=\"widget\" data-widget_type=\"text-editor.default\">\n\t\t\t\t\t\t\t\t\t<p class=\"p1\">Dentro de las propiedades de FibraSOMA existen activos emblem\u00e1ticos, de distintos usos, con inquilinos destacados y un alto flujo de visitantes. A lo largo del tiempo, estos activos han demostrado generar un impacto positivo en las zonas y las comunidades que los rodean.<\/p>\t\t\t\t\t\t\t\t<\/div>\n\t\t\t\t<\/div>\n\t\t\t\t\t<\/div>\n\t\t\t\t<\/div>\n\t\t<div class=\"elementor-element elementor-element-4ef9038 e-con-full e-flex e-con e-parent\" data-id=\"4ef9038\" data-element_type=\"container\" data-e-type=\"container\">\n\t\t\t\t<div class=\"elementor-element elementor-element-b8c3148 elementor-widget elementor-widget-soma-portfolio\" data-id=\"b8c3148\" data-element_type=\"widget\" data-e-type=\"widget\" data-widget_type=\"soma-portfolio.default\">\n\t\t\t\t<div class=\"elementor-widget-container\">\n\t\t\t\t\t\t\t<section \n\t\t\tclass=\"soma-portfolio-widget style-fibrasoma\"\n\t\t\tdata-main-category=\"9\"\n\t\t\tdata-posts-per-page=\"10\"\n\t\t\tdata-lang=\"es\"\n\t\t\tdata-orderby=\"year\"\n\t\t\tdata-order=\"DESC\"\n\t\t\tdata-show-year=\"true\"\n\t\t\tdata-show-city=\"true\"\n\t\t\tdata-pre-filter=\"\"\n\t\t\tdata-all-text=\"All\"\n\t\t\tdata-show-filters=\"true\"\n\t\t>\n\t\t\t<div class=\"container\">\n\t\t\t\t\t\t\t\t<!-- Desktop Filters -->\n\t\t\t\t<div class=\"portfolio-filters desk\">\n\t\t\t\t\t\t\t\t\t\t<div class=\"filters-list\">\n\t\t\t\t\t\t<!-- Filters rendered dynamically by JS -->\n\t\t\t\t\t<\/div>\n\t\t\t\t\t\n\t\t\t\t\t\t\t\t\t\t<div class=\"view-mode\">\n\t\t\t\t\t\t<div class=\"list current-view\">\n\t\t\t\t\t\t\t<svg width=\"20px\" height=\"21px\" viewBox=\"0 0 20 21\" version=\"1.1\" xmlns=\"http:\/\/www.w3.org\/2000\/svg\">\n\t\t\t\t\t\t\t\t<g stroke=\"none\" stroke-width=\"1\" fill=\"none\" fill-rule=\"evenodd\">\n\t\t\t\t\t\t\t\t\t<g transform=\"translate(-1244.000000, -2068.000000)\">\n\t\t\t\t\t\t\t\t\t\t<g transform=\"translate(79.000000, 2062.031250)\">\n\t\t\t\t\t\t\t\t\t\t\t<g transform=\"translate(1169.000000, 0.000000)\" stroke=\"currentColor\" stroke-linecap=\"square\" stroke-width=\"2\">\n\t\t\t\t\t\t\t\t\t\t\t\t<line x1=\"5.33333333\" y1=\"16.5\" x2=\"18.6666667\" y2=\"16.5\"><\/line>\n\t\t\t\t\t\t\t\t\t\t\t\t<line x1=\"5.33333333\" y1=\"22.5\" x2=\"18.6666667\" y2=\"22.5\"><\/line>\n\t\t\t\t\t\t\t\t\t\t\t\t<line x1=\"0\" y1=\"17\" x2=\"1\" y2=\"17\"><\/line>\n\t\t\t\t\t\t\t\t\t\t\t\t<line x1=\"5.33333333\" y1=\"10.5\" x2=\"18.6666667\" y2=\"10.5\"><\/line>\n\t\t\t\t\t\t\t\t\t\t\t\t<line x1=\"0\" y1=\"11\" x2=\"1\" y2=\"11\"><\/line>\n\t\t\t\t\t\t\t\t\t\t\t\t<line x1=\"0\" y1=\"23\" x2=\"1\" y2=\"23\"><\/line>\n\t\t\t\t\t\t\t\t\t\t\t<\/g>\n\t\t\t\t\t\t\t\t\t\t<\/g>\n\t\t\t\t\t\t\t\t\t<\/g>\n\t\t\t\t\t\t\t\t<\/g>\n\t\t\t\t\t\t\t<\/svg>\n\t\t\t\t\t\t\t<span>List View<\/span>\n\t\t\t\t\t\t<\/div>\n\t\t\t\t\t\t<div class=\"grid \">\n\t\t\t\t\t\t\t<svg width=\"20px\" height=\"20px\" viewBox=\"0 0 20 20\" version=\"1.1\" xmlns=\"http:\/\/www.w3.org\/2000\/svg\">\n\t\t\t\t\t\t\t\t<g stroke=\"none\" stroke-width=\"1\" fill=\"none\" fill-rule=\"evenodd\">\n\t\t\t\t\t\t\t\t\t<g transform=\"translate(-1244.000000, -2068.000000)\" stroke=\"currentColor\" stroke-width=\"1.28\">\n\t\t\t\t\t\t\t\t\t\t<g transform=\"translate(79.000000, 2062.031250)\">\n\t\t\t\t\t\t\t\t\t\t\t<g transform=\"translate(1165.000000, 0.000000)\">\n\t\t\t\t\t\t\t\t\t\t\t\t<g transform=\"translate(0.000001, 6.400001)\">\n\t\t\t\t\t\t\t\t\t\t\t\t\t<rect x=\"0.64\" y=\"0.64\" width=\"7.36\" height=\"7.36\"><\/rect>\n\t\t\t\t\t\t\t\t\t\t\t\t\t<rect x=\"10.64\" y=\"0.64\" width=\"7.36\" height=\"7.36\"><\/rect>\n\t\t\t\t\t\t\t\t\t\t\t\t\t<rect x=\"0.64\" y=\"10.64\" width=\"7.36\" height=\"7.36\"><\/rect>\n\t\t\t\t\t\t\t\t\t\t\t\t\t<rect x=\"10.64\" y=\"10.64\" width=\"7.36\" height=\"7.36\"><\/rect>\n\t\t\t\t\t\t\t\t\t\t\t\t<\/g>\n\t\t\t\t\t\t\t\t\t\t\t<\/g>\n\t\t\t\t\t\t\t\t\t\t<\/g>\n\t\t\t\t\t\t\t\t\t<\/g>\n\t\t\t\t\t\t\t\t<\/g>\n\t\t\t\t\t\t\t<\/svg>\n\t\t\t\t\t\t\t<span>Grid View<\/span>\n\t\t\t\t\t\t<\/div>\n\t\t\t\t\t<\/div>\n\t\t\t\t\t\t\t\t\t<\/div>\n\n\t\t\t\t<!-- Mobile Filters -->\n\t\t\t\t<div class=\"portfolio-filters movil\">\n\t\t\t\t\t\t\t\t\t\t<div class=\"ViewAll\">\n\t\t\t\t\t\t<div style=\"width: 100%;\">Ver Todos<\/div>\n\t\t\t\t\t\t<svg class=\"ViewAllsvg\" style=\"transition: 0.5s;\" xmlns=\"http:\/\/www.w3.org\/2000\/svg\" width=\"19.172\" height=\"19.172\" viewBox=\"0 0 19.172 19.172\">\n\t\t\t\t\t\t\t<g transform=\"translate(9.548 1.77) rotate(45)\">\n\t\t\t\t\t\t\t\t<path d=\"M0,0,10.729,10.729\" transform=\"translate(0.19 0.136)\" fill=\"none\" stroke=\"currentColor\" stroke-linecap=\"square\" stroke-miterlimit=\"10\" stroke-width=\"2\"\/>\n\t\t\t\t\t\t\t\t<path d=\"M0,10.729,10.729,0\" transform=\"translate(0.19 0.136)\" fill=\"none\" stroke=\"currentColor\" stroke-linecap=\"square\" stroke-miterlimit=\"10\" stroke-width=\"2\"\/>\n\t\t\t\t\t\t\t<\/g>\n\t\t\t\t\t\t<\/svg>\n\t\t\t\t\t<\/div>\n\t\t\t\t\t<div class=\"IteamView\" style=\"display: none;\">\n\t\t\t\t\t\t<!-- Filters rendered dynamically by JS -->\n\t\t\t\t\t<\/div>\n\t\t\t\t\t\t\t\t\t<\/div>\n\t\t\t\t\n\t\t\t\t<!-- Projects Container -->\n\t\t\t\t<div class=\"projects list-view\">\n\t\t\t\t\t<!-- AJAX Render -->\n\t\t\t\t<\/div>\n\n\t\t\t\t<!-- Loader -->\n\t\t\t\t<div class=\"loader-container\">\n\t\t\t\t\t<span class=\"loading\">Loading more<\/span>\n\t\t\t\t<\/div>\n\t\t\t<\/div>\n\t\t<\/section>\n\t\t\t\t\t\t<\/div>\n\t\t\t\t<\/div>\n\t\t\t\t<\/div>\n\t\t\t\t<\/div>\n\t\t","protected":false},"excerpt":{"rendered":"<p>Nos consolidamos como un socio financiero confiable, capaz de generar valor en cada proyecto Nuestro portafolio est\u00e1 estrat\u00e9gicamente ubicado en regiones con creciente actividad econ\u00f3mica, en zonas altamente pobladas y dentro de los corredores m\u00e1s destacados de M\u00e9xico. Dentro de las propiedades de FibraSOMA existen activos emblem\u00e1ticos, de distintos usos, con inquilinos destacados y un [&hellip;]<\/p>\n","protected":false},"author":6,"featured_media":0,"parent":0,"menu_order":0,"comment_status":"closed","ping_status":"closed","template":"templates\/elementor-template.php","meta":{"_acf_changed":false,"footnotes":""},"class_list":["post-1975","page","type-page","status-publish","hentry"],"acf":[],"yoast_head":"<!-- This site is optimized with the Yoast SEO plugin v27.2 - https:\/\/yoast.com\/product\/yoast-seo-wordpress\/ -->\n<title>Portafolio<\/title>\n<meta name=\"robots\" content=\"index, follow, max-snippet:-1, max-image-preview:large, max-video-preview:-1\" \/>\n<link rel=\"canonical\" href=\"https:\/\/fibrasoma.group\/es\/portfolio-2\/\" \/>\n<meta property=\"og:locale\" content=\"es_ES\" \/>\n<meta property=\"og:locale:alternate\" content=\"en_US\" \/>\n<meta property=\"og:type\" content=\"article\" \/>\n<meta property=\"og:title\" content=\"Portafolio\" \/>\n<meta property=\"og:description\" content=\"Nos consolidamos como un socio financiero confiable, capaz de generar valor en cada proyecto Nuestro portafolio est\u00e1 estrat\u00e9gicamente ubicado en regiones con creciente actividad econ\u00f3mica, en zonas altamente pobladas y dentro de los corredores m\u00e1s destacados de M\u00e9xico. Dentro de las propiedades de FibraSOMA existen activos emblem\u00e1ticos, de distintos usos, con inquilinos destacados y un [&hellip;]\" \/>\n<meta property=\"og:url\" content=\"https:\/\/fibrasoma.group\/es\/portfolio-2\/\" \/>\n<meta property=\"og:site_name\" content=\"FIBRA SOMA\" \/>\n<meta property=\"article:modified_time\" content=\"2026-01-25T23:56:38+00:00\" \/>\n<meta property=\"og:image\" content=\"https:\/\/fibrasoma.group\/wp-content\/uploads\/2021\/02\/fibra-soma-social-img.jpg\" \/>\n\t<meta property=\"og:image:width\" content=\"844\" \/>\n\t<meta property=\"og:image:height\" content=\"567\" \/>\n\t<meta property=\"og:image:type\" content=\"image\/jpeg\" \/>\n<meta name=\"twitter:card\" content=\"summary_large_image\" \/>\n<meta name=\"twitter:label1\" content=\"Tiempo de lectura\" \/>\n\t<meta name=\"twitter:data1\" content=\"3 minutos\" \/>\n<!-- \/ Yoast SEO plugin. -->","yoast_head_json":{"title":"Portafolio","robots":{"index":"index","follow":"follow","max-snippet":"max-snippet:-1","max-image-preview":"max-image-preview:large","max-video-preview":"max-video-preview:-1"},"canonical":"https:\/\/fibrasoma.group\/es\/portfolio-2\/","og_locale":"es_ES","og_type":"article","og_title":"[:en]Portfolio[:es]Portafolio[:] |","og_description":"Nos consolidamos como un socio financiero confiable, capaz de generar valor en cada proyecto Nuestro portafolio est\u00e1 estrat\u00e9gicamente ubicado en regiones con creciente actividad econ\u00f3mica, en zonas altamente pobladas y dentro de los corredores m\u00e1s destacados de M\u00e9xico. Dentro de las propiedades de FibraSOMA existen activos emblem\u00e1ticos, de distintos usos, con inquilinos destacados y un [&hellip;]","og_url":"https:\/\/fibrasoma.group\/es\/portfolio-2\/","og_site_name":"FIBRA SOMA","article_modified_time":"2026-01-25T23:56:38+00:00","og_image":[{"width":844,"height":567,"url":"https:\/\/fibrasoma.group\/wp-content\/uploads\/2021\/02\/fibra-soma-social-img.jpg","type":"image\/jpeg"}],"twitter_card":"summary_large_image","twitter_misc":{"Tiempo de lectura":"3 minutos"},"schema":{"@context":"https:\/\/schema.org","@graph":[{"@type":"WebPage","@id":"https:\/\/fibrasoma.group\/portfolio-2\/","url":"https:\/\/fibrasoma.group\/portfolio-2\/","name":"Portafolio","isPartOf":{"@id":"https:\/\/fibrasoma.group\/#website"},"datePublished":"2026-01-02T04:20:15+00:00","dateModified":"2026-01-25T23:56:38+00:00","breadcrumb":{"@id":"https:\/\/fibrasoma.group\/portfolio-2\/#breadcrumb"},"inLanguage":"es-ES","potentialAction":[{"@type":"ReadAction","target":["https:\/\/fibrasoma.group\/portfolio-2\/"]}]},{"@type":"BreadcrumbList","@id":"https:\/\/fibrasoma.group\/portfolio-2\/#breadcrumb","itemListElement":[{"@type":"ListItem","position":1,"name":"Home","item":"https:\/\/fibrasoma.group\/es\/"},{"@type":"ListItem","position":2,"name":"Portfolio"}]},{"@type":"WebSite","@id":"https:\/\/fibrasoma.group\/#website","url":"https:\/\/fibrasoma.group\/","name":"FIBRA SOMA","description":"","publisher":{"@id":"https:\/\/fibrasoma.group\/#organization"},"potentialAction":[{"@type":"SearchAction","target":{"@type":"EntryPoint","urlTemplate":"https:\/\/fibrasoma.group\/?s={search_term_string}"},"query-input":{"@type":"PropertyValueSpecification","valueRequired":true,"valueName":"search_term_string"}}],"inLanguage":"es-ES"},{"@type":"Organization","@id":"https:\/\/fibrasoma.group\/#organization","name":"FIBRA Soma","url":"https:\/\/fibrasoma.group\/","logo":{"@type":"ImageObject","inLanguage":"es-ES","@id":"https:\/\/fibrasoma.group\/#\/schema\/logo\/image\/","url":"https:\/\/fibrasoma.group\/wp-content\/uploads\/2020\/11\/FIBRASOMA_logo.svg?wsr","contentUrl":"https:\/\/fibrasoma.group\/wp-content\/uploads\/2020\/11\/FIBRASOMA_logo.svg?wsr","width":292,"height":37,"caption":"FIBRA Soma"},"image":{"@id":"https:\/\/fibrasoma.group\/#\/schema\/logo\/image\/"}}]}},"_links":{"self":[{"href":"https:\/\/fibrasoma.group\/es\/wp-json\/wp\/v2\/pages\/1975","targetHints":{"allow":["GET"]}}],"collection":[{"href":"https:\/\/fibrasoma.group\/es\/wp-json\/wp\/v2\/pages"}],"about":[{"href":"https:\/\/fibrasoma.group\/es\/wp-json\/wp\/v2\/types\/page"}],"author":[{"embeddable":true,"href":"https:\/\/fibrasoma.group\/es\/wp-json\/wp\/v2\/users\/6"}],"replies":[{"embeddable":true,"href":"https:\/\/fibrasoma.group\/es\/wp-json\/wp\/v2\/comments?post=1975"}],"version-history":[{"count":74,"href":"https:\/\/fibrasoma.group\/es\/wp-json\/wp\/v2\/pages\/1975\/revisions"}],"predecessor-version":[{"id":3885,"href":"https:\/\/fibrasoma.group\/es\/wp-json\/wp\/v2\/pages\/1975\/revisions\/3885"}],"wp:attachment":[{"href":"https:\/\/fibrasoma.group\/es\/wp-json\/wp\/v2\/media?parent=1975"}],"curies":[{"name":"wp","href":"https:\/\/api.w.org\/{rel}","templated":true}]}}