{"id":1756,"date":"2025-12-18T02:17:51","date_gmt":"2025-12-18T02:17:51","guid":{"rendered":"https:\/\/fibrasoma.group\/?page_id=1756"},"modified":"2026-03-18T23:01:31","modified_gmt":"2026-03-18T23:01:31","slug":"home-2","status":"publish","type":"page","link":"https:\/\/fibrasoma.group\/es\/","title":{"rendered":"Inicio"},"content":{"rendered":"\t\t<div data-elementor-type=\"wp-page\" data-elementor-id=\"1756\" class=\"elementor elementor-1756\" data-elementor-post-type=\"page\">\n\t\t\t\t<section class=\"elementor-element elementor-element-7923a3b e-flex e-con-boxed e-con e-parent\" data-id=\"7923a3b\" data-element_type=\"container\" data-e-type=\"container\" data-settings=\"{&quot;background_background&quot;:&quot;classic&quot;}\">\n\t\t\t\t\t<div class=\"e-con-inner\">\n\t\t<div class=\"elementor-element elementor-element-001ae1c e-con-full e-grid e-con e-child\" data-id=\"001ae1c\" data-element_type=\"container\" data-e-type=\"container\">\n\t\t<div class=\"elementor-element elementor-element-2a38937 e-con-full e-flex e-con e-child\" data-id=\"2a38937\" data-element_type=\"container\" data-e-type=\"container\">\n\t\t\t\t<\/div>\n\t\t\t\t<div class=\"elementor-element elementor-element-f2f79ff elementor-align-left elementor-mobile-align-center elementor-widget elementor-widget-button\" data-id=\"f2f79ff\" data-element_type=\"widget\" data-e-type=\"widget\" data-widget_type=\"button.default\">\n\t\t\t\t\t\t\t\t\t\t<a class=\"elementor-button elementor-button-link elementor-size-sm\" href=\"\/es\/portfolio\/\">\n\t\t\t\t\t\t<span class=\"elementor-button-content-wrapper\">\n\t\t\t\t\t\t\t\t\t<span class=\"elementor-button-text\">Explorar portafolio<\/span>\n\t\t\t\t\t<\/span>\n\t\t\t\t\t<\/a>\n\t\t\t\t\t\t\t\t<\/div>\n\t\t\t\t<\/div>\n\t\t\t\t\t<\/div>\n\t\t\t\t<\/section>\n\t\t<div class=\"elementor-element elementor-element-751b679 e-flex e-con-boxed e-con e-parent\" data-id=\"751b679\" data-element_type=\"container\" data-e-type=\"container\" data-settings=\"{&quot;background_background&quot;:&quot;classic&quot;}\">\n\t\t\t\t\t<div class=\"e-con-inner\">\n\t\t<div class=\"elementor-element elementor-element-f6f0b75 e-con-full e-flex e-con e-child\" data-id=\"f6f0b75\" data-element_type=\"container\" data-e-type=\"container\">\n\t\t<div class=\"elementor-element elementor-element-22768b4 e-con-full e-grid e-con e-child\" data-id=\"22768b4\" data-element_type=\"container\" data-e-type=\"container\">\n\t\t\t\t<div class=\"elementor-element elementor-element-ce527d3 elementor-widget elementor-widget-heading\" data-id=\"ce527d3\" data-element_type=\"widget\" data-e-type=\"widget\" data-widget_type=\"heading.default\">\n\t\t\t\t\t<h1 class=\"elementor-heading-title elementor-size-default\">Fidecomiso Inmobiliario Premium<\/h1>\t\t\t\t<\/div>\n\t\t\t\t<div class=\"elementor-element elementor-element-2e9c8aa elementor-align-left elementor-mobile-align-center elementor-widget elementor-widget-button\" data-id=\"2e9c8aa\" data-element_type=\"widget\" data-e-type=\"widget\" data-widget_type=\"button.default\">\n\t\t\t\t\t\t\t\t\t\t<a class=\"elementor-button elementor-button-link elementor-size-sm\" href=\"https:\/\/fibrasoma.group\/wp-content\/uploads\/2026\/03\/2026_03_KitInversionistas_ES.zip\" target=\"_blank\">\n\t\t\t\t\t\t<span class=\"elementor-button-content-wrapper\">\n\t\t\t\t\t\t\t\t\t<span class=\"elementor-button-text\">Kit para inversionistas<\/span>\n\t\t\t\t\t<\/span>\n\t\t\t\t\t<\/a>\n\t\t\t\t\t\t\t\t<\/div>\n\t\t\t\t<\/div>\n\t\t<div class=\"elementor-element elementor-element-4fe9c33 e-con-full e-grid e-con e-child\" data-id=\"4fe9c33\" data-element_type=\"container\" data-e-type=\"container\">\n\t\t\t\t<div class=\"elementor-element elementor-element-5fc2912 elementor-widget elementor-widget-heading\" data-id=\"5fc2912\" data-element_type=\"widget\" data-e-type=\"widget\" data-widget_type=\"heading.default\">\n\t\t\t\t\t<h2 class=\"elementor-heading-title elementor-size-default\">Respaldado por SOMA e inversionistas Institucionales, una plataforma l\u00edder de inversi\u00f3n y gesti\u00f3n inmobiliaria, FibraSOMA aprovecha m\u00e1s de 50 a\u00f1os de trayectoria probada y m\u00e1s de US$4.8 mil millones en Activos Bajo Gesti\u00f3n.<\/h2>\t\t\t\t<\/div>\n\t\t\t\t<div class=\"elementor-element elementor-element-28b7b9a elementor-widget elementor-widget-soma-share-quotation\" data-id=\"28b7b9a\" data-element_type=\"widget\" data-e-type=\"widget\" data-widget_type=\"soma-share-quotation.default\">\n\t\t\t\t<div class=\"elementor-widget-container\">\n\t\t\t\t\t\t\t<section class=\"soma-share-quotation soma-share-quotation--black-bg\"\n\t\t\tdata-symbol=\"\"\n\t\t\tdata-price=\"$50.00 MXN\"\n\t\t\tdata-change=\"+0.00\"\n\t\t\tdata-percent=\"+0.00%\"\n\t\t\tdata-volume=\"5\"\n\t\t\tdata-lang=\"es\">\n\n\t\t\t<div class=\"soma-share-quotation__container\">\n\t\t\t\t<!-- Column 1: Title and Download -->\n\t\t\t\t<div class=\"soma-share-quotation__column soma-share-quotation__column--info\">\n\t\t\t\t\t<h2 class=\"soma-share-quotation__title\">\n\t\t\t\t\t\t\t\t\t\t\t<\/h2>\n\t\t\t\t\t<span class=\"soma-share-quotation__symbol\">\n\t\t\t\t\t\t\t\t\t\t\t<\/span>\n\t\t\t\t\t\t\t\t\t<\/div>\n\n\t\t\t\t<!-- Column 2: Price, Change\/Percent, Date -->\n\t\t\t\t<div class=\"soma-share-quotation__column soma-share-quotation__column--price\">\n\t\t\t\t\t<div class=\"soma-share-quotation__data-row\">\n\t\t\t\t\t\t<span class=\"soma-share-quotation__label\">Precio Actual<\/span>\n\t\t\t\t\t\t<span class=\"soma-share-quotation__price-value\">$50.00<\/span>\n\t\t\t\t\t<\/div>\n\t\t\t\t\t\t\t\t\t\t\t\t\t\t<\/div>\n\n\t\t\t\t<!-- Column 3: Volume -->\n\t\t\t\t<div class=\"soma-share-quotation__column soma-share-quotation__column--volume\">\n\t\t\t\t\t\t\t\t\t<\/div>\n\t\t\t<\/div>\n\t\t<\/section>\n\t\t\t\t\t\t<\/div>\n\t\t\t\t<\/div>\n\t\t\t\t<\/div>\n\t\t<div class=\"elementor-element elementor-element-70881a7 e-con-full e-grid e-con e-child\" data-id=\"70881a7\" data-element_type=\"container\" data-e-type=\"container\">\n\t\t<div class=\"elementor-element elementor-element-21b683f e-con-full e-flex e-con e-child\" data-id=\"21b683f\" data-element_type=\"container\" data-e-type=\"container\">\n\t\t\t\t<div class=\"elementor-element elementor-element-df51cbe elementor-widget elementor-widget-text-editor\" data-id=\"df51cbe\" data-element_type=\"widget\" data-e-type=\"widget\" data-widget_type=\"text-editor.default\">\n\t\t\t\t\t\t\t\t\t<p style=\"margin: 0;\">836,000<\/p>\t\t\t\t\t\t\t\t<\/div>\n\t\t\t\t<div class=\"elementor-element elementor-element-b77f8e9 elementor-widget elementor-widget-text-editor\" data-id=\"b77f8e9\" data-element_type=\"widget\" data-e-type=\"widget\" data-widget_type=\"text-editor.default\">\n\t\t\t\t\t\t\t\t\tm\u00b2 de GLA\t\t\t\t\t\t\t\t<\/div>\n\t\t\t\t<\/div>\n\t\t<div class=\"elementor-element elementor-element-cc89dbd e-con-full e-flex e-con e-child\" data-id=\"cc89dbd\" data-element_type=\"container\" data-e-type=\"container\">\n\t\t\t\t<div class=\"elementor-element elementor-element-afc78a4 elementor-widget elementor-widget-text-editor\" data-id=\"afc78a4\" data-element_type=\"widget\" data-e-type=\"widget\" data-widget_type=\"text-editor.default\">\n\t\t\t\t\t\t\t\t\t<p style=\"margin: 0;\">6<\/p>\t\t\t\t\t\t\t\t<\/div>\n\t\t\t\t<div class=\"elementor-element elementor-element-8202d3c elementor-widget elementor-widget-text-editor\" data-id=\"8202d3c\" data-element_type=\"widget\" data-e-type=\"widget\" data-widget_type=\"text-editor.default\">\n\t\t\t\t\t\t\t\t\tActivos en <br\/> desarrollo\t\t\t\t\t\t\t\t<\/div>\n\t\t\t\t<\/div>\n\t\t<div class=\"elementor-element elementor-element-62ff28c e-con-full e-flex e-con e-child\" data-id=\"62ff28c\" data-element_type=\"container\" data-e-type=\"container\">\n\t\t\t\t<div class=\"elementor-element elementor-element-62a7da6 elementor-widget elementor-widget-text-editor\" data-id=\"62a7da6\" data-element_type=\"widget\" data-e-type=\"widget\" data-widget_type=\"text-editor.default\">\n\t\t\t\t\t\t\t\t\t<p style=\"margin: 0;\">14<\/p>\t\t\t\t\t\t\t\t<\/div>\n\t\t\t\t<div class=\"elementor-element elementor-element-4465c88 elementor-widget elementor-widget-text-editor\" data-id=\"4465c88\" data-element_type=\"widget\" data-e-type=\"widget\" data-widget_type=\"text-editor.default\">\n\t\t\t\t\t\t\t\t\tActivos en <br\/> operaci\u00f3n\t\t\t\t\t\t\t\t<\/div>\n\t\t\t\t<\/div>\n\t\t<div class=\"elementor-element elementor-element-2a34680 e-con-full e-flex e-con e-child\" data-id=\"2a34680\" data-element_type=\"container\" data-e-type=\"container\">\n\t\t\t\t<div class=\"elementor-element elementor-element-1c7a016 elementor-widget elementor-widget-text-editor\" data-id=\"1c7a016\" data-element_type=\"widget\" data-e-type=\"widget\" data-widget_type=\"text-editor.default\">\n\t\t\t\t\t\t\t\t\t<p style=\"margin: 0;\">1,623<\/p>\t\t\t\t\t\t\t\t<\/div>\n\t\t\t\t<div class=\"elementor-element elementor-element-12662a4 elementor-widget elementor-widget-text-editor\" data-id=\"12662a4\" data-element_type=\"widget\" data-e-type=\"widget\" data-widget_type=\"text-editor.default\">\n\t\t\t\t\t\t\t\t\tInquilinos de <br\/>primer nivel\t\t\t\t\t\t\t\t<\/div>\n\t\t\t\t<\/div>\n\t\t<div class=\"elementor-element elementor-element-f4ade12 e-con-full e-flex e-con e-child\" data-id=\"f4ade12\" data-element_type=\"container\" data-e-type=\"container\">\n\t\t\t\t<div class=\"elementor-element elementor-element-ce2ddf4 elementor-widget elementor-widget-text-editor\" data-id=\"ce2ddf4\" data-element_type=\"widget\" data-e-type=\"widget\" data-widget_type=\"text-editor.default\">\n\t\t\t\t\t\t\t\t\t<p style=\"margin: 0;\">99%<\/p>\t\t\t\t\t\t\t\t<\/div>\n\t\t\t\t<div class=\"elementor-element elementor-element-8a3de56 elementor-widget elementor-widget-text-editor\" data-id=\"8a3de56\" data-element_type=\"widget\" data-e-type=\"widget\" data-widget_type=\"text-editor.default\">\n\t\t\t\t\t\t\t\t\tOcupaci\u00f3n\t\t\t\t\t\t\t\t<\/div>\n\t\t\t\t<\/div>\n\t\t\t\t<\/div>\n\t\t\t\t<\/div>\n\t\t\t\t\t<\/div>\n\t\t\t\t<\/div>\n\t\t<div class=\"elementor-element elementor-element-b3d6aa7 e-flex e-con-boxed e-con e-parent\" data-id=\"b3d6aa7\" data-element_type=\"container\" data-e-type=\"container\" data-settings=\"{&quot;background_background&quot;:&quot;video&quot;,&quot;background_video_link&quot;:&quot;https:\\\/\\\/vimeo.com\\\/652534206&quot;}\">\n\t\t\t\t\t<div class=\"e-con-inner\">\n\t\t<div class=\"elementor-background-video-container elementor-hidden-mobile\">\n\t\t\t\t\t\t\t<div class=\"elementor-background-video-embed\" role=\"presentation\"><\/div>\n\t\t\t\t\t\t<\/div>\t\t\t<\/div>\n\t\t\t\t<\/div>\n\t\t<div class=\"elementor-element elementor-element-6d072a9 e-flex e-con-boxed e-con e-parent\" data-id=\"6d072a9\" data-element_type=\"container\" data-e-type=\"container\" data-settings=\"{&quot;background_background&quot;:&quot;classic&quot;}\">\n\t\t\t\t\t<div class=\"e-con-inner\">\n\t\t<div class=\"elementor-element elementor-element-9fc00d2 e-con-full e-flex e-con e-child\" data-id=\"9fc00d2\" data-element_type=\"container\" data-e-type=\"container\">\n\t\t\t\t<div class=\"elementor-element elementor-element-b636ae1 elementor-widget elementor-widget-heading\" data-id=\"b636ae1\" data-element_type=\"widget\" data-e-type=\"widget\" data-widget_type=\"heading.default\">\n\t\t\t\t\t<h3 class=\"elementor-heading-title elementor-size-default\">FibraSOMA traduce la visi\u00f3n y experiencia en confianza, inversi\u00f3n y gesti\u00f3n de activos<\/h3>\t\t\t\t<\/div>\n\t\t\t\t<\/div>\n\t\t\t\t\t<\/div>\n\t\t\t\t<\/div>\n\t\t<div class=\"elementor-element elementor-element-f872624 e-flex e-con-boxed e-con e-parent\" data-id=\"f872624\" data-element_type=\"container\" data-e-type=\"container\">\n\t\t\t\t\t<div class=\"e-con-inner\">\n\t\t\t\t<div class=\"elementor-element elementor-element-e662717 elementor-widget elementor-widget-heading\" data-id=\"e662717\" data-element_type=\"widget\" data-e-type=\"widget\" data-widget_type=\"heading.default\">\n\t\t\t\t\t<h1 class=\"elementor-heading-title elementor-size-default\">Documentos relevantes<\/h1>\t\t\t\t<\/div>\n\t\t<div class=\"elementor-element elementor-element-c25af0b e-con-full e-grid e-con e-child\" data-id=\"c25af0b\" data-element_type=\"container\" data-e-type=\"container\">\n\t\t\t\t<div class=\"elementor-element elementor-element-b70102d elementor-widget elementor-widget-soma-documents\" data-id=\"b70102d\" data-element_type=\"widget\" data-e-type=\"widget\" data-widget_type=\"soma-documents.default\">\n\t\t\t\t<div class=\"elementor-widget-container\">\n\t\t\t\t\t\t\t<div class=\"soma-documents\">\n\t\t\t\t\t\t\t<div class=\"documents-grid\">\n\t\t\t\t\t\t\t\t\t\t\t<article class=\"document-item\">\n\t\t\t\t\t\t\t\t\t\t\t\t\t\t\t<div class=\"document-image\">\n\t\t\t\t\t\t\t\t\t<img loading=\"lazy\" decoding=\"async\" width=\"764\" height=\"459\" src=\"https:\/\/fibrasoma.group\/wp-content\/uploads\/2020\/11\/fibra-soma-investor-factsheet-min.png\" class=\"attachment-large size-large wp-post-image\" alt=\"Factsheet\" loading=\"lazy\" \/>\t\t\t\t\t\t\t\t<\/div>\n\t\t\t\t\t\t\t\n\t\t\t\t\t\t\t<div class=\"document-content\">\n\t\t\t\t\t\t\t\t<h3 class=\"document-title\">\n\t\t\t\t\t\t\t\t\tFactsheet\t\t\t\t\t\t\t\t<\/h3>\n\n\t\t\t\t\t\t\t\t<a\n\t\t\t\t\t\t\t\t\thref=\"https:\/\/fibrasoma.group\/wp-content\/uploads\/2020\/11\/06_03_26_factsheet_SOMA_ES.pdf\"\n\t\t\t\t\t\t\t\t\tclass=\"document-download\"\n\t\t\t\t\t\t\t\t\ttarget=\"_blank\"\n\t\t\t\t\t\t\t\t\trel=\"noopener noreferrer\"\n\t\t\t\t\t\t\t\t>\n\t\t\t\t\t\t\t\t\tInforme\t\t\t\t\t\t\t\t<\/a>\n\t\t\t\t\t\t\t<\/div>\n\t\t\t\t\t\t<\/article>\n\t\t\t\t\t\t\t\t\t<\/div>\n\t\t\t\t\t<\/div>\n\t\t\t\t\t\t<\/div>\n\t\t\t\t<\/div>\n\t\t\t\t<div class=\"elementor-element elementor-element-deb9cd1 elementor-widget elementor-widget-soma-documents\" data-id=\"deb9cd1\" data-element_type=\"widget\" data-e-type=\"widget\" data-widget_type=\"soma-documents.default\">\n\t\t\t\t<div class=\"elementor-widget-container\">\n\t\t\t\t\t\t\t<div class=\"soma-documents\">\n\t\t\t\t\t\t\t<div class=\"documents-grid\">\n\t\t\t\t\t\t\t\t\t\t\t<article class=\"document-item\">\n\t\t\t\t\t\t\t\t\t\t\t\t\t\t\t<div class=\"document-image\">\n\t\t\t\t\t\t\t\t\t<img loading=\"lazy\" decoding=\"async\" width=\"299\" height=\"349\" src=\"https:\/\/fibrasoma.group\/wp-content\/uploads\/2026\/02\/Andamar_1.png\" class=\"attachment-large size-large wp-post-image\" alt=\"Reporte Trimestral 4Q25\" loading=\"lazy\" \/>\t\t\t\t\t\t\t\t<\/div>\n\t\t\t\t\t\t\t\n\t\t\t\t\t\t\t<div class=\"document-content\">\n\t\t\t\t\t\t\t\t<h3 class=\"document-title\">\n\t\t\t\t\t\t\t\t\tReporte Trimestral 4Q25\t\t\t\t\t\t\t\t<\/h3>\n\n\t\t\t\t\t\t\t\t<a\n\t\t\t\t\t\t\t\t\thref=\"https:\/\/fibrasoma.group\/wp-content\/uploads\/2026\/02\/Fibra-SOMA-4T25-Reporte-Trimestral-VF-1.pdf\"\n\t\t\t\t\t\t\t\t\tclass=\"document-download\"\n\t\t\t\t\t\t\t\t\ttarget=\"_blank\"\n\t\t\t\t\t\t\t\t\trel=\"noopener noreferrer\"\n\t\t\t\t\t\t\t\t>\n\t\t\t\t\t\t\t\t\tReporte Trimestral\t\t\t\t\t\t\t\t<\/a>\n\t\t\t\t\t\t\t<\/div>\n\t\t\t\t\t\t<\/article>\n\t\t\t\t\t\t\t\t\t<\/div>\n\t\t\t\t\t<\/div>\n\t\t\t\t\t\t<\/div>\n\t\t\t\t<\/div>\n\t\t\t\t<div class=\"elementor-element elementor-element-b143da8 elementor-widget elementor-widget-soma-documents\" data-id=\"b143da8\" data-element_type=\"widget\" data-e-type=\"widget\" data-widget_type=\"soma-documents.default\">\n\t\t\t\t<div class=\"elementor-widget-container\">\n\t\t\t\t\t\t\t<div class=\"soma-documents\">\n\t\t\t\t\t\t\t<div class=\"documents-grid\">\n\t\t\t\t\t\t\t\t\t\t\t<article class=\"document-item\">\n\t\t\t\t\t\t\t\t\t\t\t\t\t\t\t<div class=\"document-image\">\n\t\t\t\t\t\t\t\t\t<img loading=\"lazy\" decoding=\"async\" width=\"1024\" height=\"617\" src=\"https:\/\/fibrasoma.group\/wp-content\/uploads\/2025\/04\/FIBRA-SOMA-ANTARA-1024x617.png\" class=\"attachment-large size-large wp-post-image\" alt=\"Reporte Anual 2024\" loading=\"lazy\" \/>\t\t\t\t\t\t\t\t<\/div>\n\t\t\t\t\t\t\t\n\t\t\t\t\t\t\t<div class=\"document-content\">\n\t\t\t\t\t\t\t\t<h3 class=\"document-title\">\n\t\t\t\t\t\t\t\t\tReporte Anual 2024\t\t\t\t\t\t\t\t<\/h3>\n\n\t\t\t\t\t\t\t\t<a\n\t\t\t\t\t\t\t\t\thref=\"https:\/\/fibrasoma.group\/wp-content\/uploads\/2025\/04\/UTF-8SOMA-reporte-anual-2024-1.pdf\"\n\t\t\t\t\t\t\t\t\tclass=\"document-download\"\n\t\t\t\t\t\t\t\t\ttarget=\"_blank\"\n\t\t\t\t\t\t\t\t\trel=\"noopener noreferrer\"\n\t\t\t\t\t\t\t\t>\n\t\t\t\t\t\t\t\t\tReporte Anual\t\t\t\t\t\t\t\t<\/a>\n\t\t\t\t\t\t\t<\/div>\n\t\t\t\t\t\t<\/article>\n\t\t\t\t\t\t\t\t\t<\/div>\n\t\t\t\t\t<\/div>\n\t\t\t\t\t\t<\/div>\n\t\t\t\t<\/div>\n\t\t<div class=\"elementor-element elementor-element-911aa93 e-con-full e-flex e-con e-child\" data-id=\"911aa93\" data-element_type=\"container\" data-e-type=\"container\">\n\t\t\t\t<div class=\"elementor-element elementor-element-c847bc2 elementor-widget elementor-widget-image\" data-id=\"c847bc2\" data-element_type=\"widget\" data-e-type=\"widget\" data-widget_type=\"image.default\">\n\t\t\t\t\t\t\t\t\t\t\t\t\t\t\t<img fetchpriority=\"high\" decoding=\"async\" width=\"825\" height=\"960\" src=\"https:\/\/fibrasoma.group\/wp-content\/uploads\/2024\/04\/AntaraCorpII.jpg\" class=\"attachment-large size-large wp-image-1401\" alt=\"\" srcset=\"https:\/\/fibrasoma.group\/wp-content\/uploads\/2024\/04\/AntaraCorpII.jpg 825w, https:\/\/fibrasoma.group\/wp-content\/uploads\/2024\/04\/AntaraCorpII-258x300.jpg 258w, https:\/\/fibrasoma.group\/wp-content\/uploads\/2024\/04\/AntaraCorpII-768x894.jpg 768w\" sizes=\"(max-width: 825px) 100vw, 825px\" \/>\t\t\t\t\t\t\t\t\t\t\t\t\t\t\t<\/div>\n\t\t\t\t<div class=\"elementor-element elementor-element-ec9a2b1 elementor-widget elementor-widget-heading\" data-id=\"ec9a2b1\" data-element_type=\"widget\" data-e-type=\"widget\" data-widget_type=\"heading.default\">\n\t\t\t\t\t<h2 class=\"elementor-heading-title elementor-size-default\">Informe Anual Sostenibilidad FibraSOMA 2024<\/h2>\t\t\t\t<\/div>\n\t\t\t\t<div class=\"elementor-element elementor-element-33e8dca elementor-widget elementor-widget-heading\" data-id=\"33e8dca\" data-element_type=\"widget\" data-e-type=\"widget\" data-widget_type=\"heading.default\">\n\t\t\t\t\t<h2 class=\"elementor-heading-title elementor-size-default\"><a href=\"\/es\/sustainability-report-fibra-soma-2024\/\">Informe Anual<\/a><\/h2>\t\t\t\t<\/div>\n\t\t\t\t<\/div>\n\t\t\t\t<\/div>\n\t\t\t\t\t<\/div>\n\t\t\t\t<\/div>\n\t\t\t\t<\/div>\n\t\t","protected":false},"excerpt":{"rendered":"<p>Explorar portafolio Fidecomiso Inmobiliario Premium Kit para inversionistas Respaldado por SOMA e inversionistas Institucionales, una plataforma l\u00edder de inversi\u00f3n y gesti\u00f3n inmobiliaria, FibraSOMA aprovecha m\u00e1s de 50 a\u00f1os de trayectoria probada y m\u00e1s de US$4.8 mil millones en Activos Bajo Gesti\u00f3n. Precio Actual $50.00 836,000 m\u00b2 de GLA 6 Activos en desarrollo 14 Activos en [&hellip;]<\/p>\n","protected":false},"author":6,"featured_media":0,"parent":0,"menu_order":0,"comment_status":"closed","ping_status":"closed","template":"templates\/elementor-template.php","meta":{"_acf_changed":false,"footnotes":""},"class_list":["post-1756","page","type-page","status-publish","hentry"],"acf":[],"yoast_head":"<!-- This site is optimized with the Yoast SEO plugin v27.2 - https:\/\/yoast.com\/product\/yoast-seo-wordpress\/ -->\n<title>Inicio<\/title>\n<meta name=\"robots\" content=\"index, follow, max-snippet:-1, max-image-preview:large, max-video-preview:-1\" \/>\n<link rel=\"canonical\" href=\"https:\/\/fibrasoma.group\/es\/\" \/>\n<meta property=\"og:locale\" content=\"es_ES\" \/>\n<meta property=\"og:locale:alternate\" content=\"en_US\" \/>\n<meta property=\"og:type\" content=\"article\" \/>\n<meta property=\"og:title\" content=\"Inicio\" \/>\n<meta property=\"og:description\" content=\"Explorar portafolio Fidecomiso Inmobiliario Premium Kit para inversionistas Respaldado por SOMA e inversionistas Institucionales, una plataforma l\u00edder de inversi\u00f3n y gesti\u00f3n inmobiliaria, FibraSOMA aprovecha m\u00e1s de 50 a\u00f1os de trayectoria probada y m\u00e1s de US$4.8 mil millones en Activos Bajo Gesti\u00f3n. Precio Actual $50.00 836,000 m\u00b2 de GLA 6 Activos en desarrollo 14 Activos en [&hellip;]\" \/>\n<meta property=\"og:url\" content=\"https:\/\/fibrasoma.group\/es\/documents-reports\/2024-annual-report\/\" \/>\n<meta property=\"og:site_name\" content=\"FIBRA SOMA\" \/>\n<meta property=\"article:modified_time\" content=\"2026-03-18T23:01:31+00:00\" \/>\n<meta property=\"og:image\" content=\"https:\/\/fibrasoma.group\/wp-content\/uploads\/2020\/11\/fibra-soma-investor-factsheet-min.png\" \/>\n<meta name=\"twitter:card\" content=\"summary_large_image\" \/>\n<meta name=\"twitter:label1\" content=\"Tiempo de lectura\" \/>\n\t<meta name=\"twitter:data1\" content=\"1 minuto\" \/>\n<!-- \/ Yoast SEO plugin. -->","yoast_head_json":{"title":"Inicio","robots":{"index":"index","follow":"follow","max-snippet":"max-snippet:-1","max-image-preview":"max-image-preview:large","max-video-preview":"max-video-preview:-1"},"canonical":"https:\/\/fibrasoma.group\/es\/","og_locale":"es_ES","og_type":"article","og_title":"[:en]Home[:es]Inicio[:] | FIBRA SOMA","og_description":"Explorar portafolio Fidecomiso Inmobiliario Premium Kit para inversionistas Respaldado por SOMA e inversionistas Institucionales, una plataforma l\u00edder de inversi\u00f3n y gesti\u00f3n inmobiliaria, FibraSOMA aprovecha m\u00e1s de 50 a\u00f1os de trayectoria probada y m\u00e1s de US$4.8 mil millones en Activos Bajo Gesti\u00f3n. Precio Actual $50.00 836,000 m\u00b2 de GLA 6 Activos en desarrollo 14 Activos en [&hellip;]","og_url":"https:\/\/fibrasoma.group\/es\/documents-reports\/2024-annual-report\/","og_site_name":"FIBRA SOMA","article_modified_time":"2026-03-18T23:01:31+00:00","og_image":[{"url":"https:\/\/fibrasoma.group\/wp-content\/uploads\/2020\/11\/fibra-soma-investor-factsheet-min.png","type":"","width":"","height":""}],"twitter_card":"summary_large_image","twitter_misc":{"Tiempo de lectura":"1 minuto"},"schema":{"@context":"https:\/\/schema.org","@graph":[{"@type":"WebPage","@id":"https:\/\/fibrasoma.group\/es\/","url":"https:\/\/fibrasoma.group\/es\/","name":"Inicio","isPartOf":{"@id":"https:\/\/fibrasoma.group\/#website"},"primaryImageOfPage":{"@id":"https:\/\/fibrasoma.group\/es\/#primaryimage"},"image":{"@id":"https:\/\/fibrasoma.group\/es\/#primaryimage"},"thumbnailUrl":"https:\/\/fibrasoma.group\/wp-content\/uploads\/2020\/11\/fibra-soma-investor-factsheet-min.png","datePublished":"2025-12-18T02:17:51+00:00","dateModified":"2026-03-18T23:01:31+00:00","breadcrumb":{"@id":"https:\/\/fibrasoma.group\/es\/#breadcrumb"},"inLanguage":"es-ES","potentialAction":[{"@type":"ReadAction","target":["https:\/\/fibrasoma.group\/es\/"]}]},{"@type":"ImageObject","inLanguage":"es-ES","@id":"https:\/\/fibrasoma.group\/es\/#primaryimage","url":"https:\/\/fibrasoma.group\/wp-content\/uploads\/2020\/11\/fibra-soma-investor-factsheet-min.png","contentUrl":"https:\/\/fibrasoma.group\/wp-content\/uploads\/2020\/11\/fibra-soma-investor-factsheet-min.png"},{"@type":"BreadcrumbList","@id":"https:\/\/fibrasoma.group\/es\/#breadcrumb","itemListElement":[{"@type":"ListItem","position":1,"name":"Home","item":"https:\/\/fibrasoma.group\/es\/"},{"@type":"ListItem","position":2,"name":"Inicio"}]},{"@type":"WebSite","@id":"https:\/\/fibrasoma.group\/#website","url":"https:\/\/fibrasoma.group\/","name":"FIBRA SOMA","description":"","publisher":{"@id":"https:\/\/fibrasoma.group\/#organization"},"potentialAction":[{"@type":"SearchAction","target":{"@type":"EntryPoint","urlTemplate":"https:\/\/fibrasoma.group\/?s={search_term_string}"},"query-input":{"@type":"PropertyValueSpecification","valueRequired":true,"valueName":"search_term_string"}}],"inLanguage":"es-ES"},{"@type":"Organization","@id":"https:\/\/fibrasoma.group\/#organization","name":"FIBRA Soma","url":"https:\/\/fibrasoma.group\/","logo":{"@type":"ImageObject","inLanguage":"es-ES","@id":"https:\/\/fibrasoma.group\/#\/schema\/logo\/image\/","url":"https:\/\/fibrasoma.group\/wp-content\/uploads\/2020\/11\/FIBRASOMA_logo.svg?wsr","contentUrl":"https:\/\/fibrasoma.group\/wp-content\/uploads\/2020\/11\/FIBRASOMA_logo.svg?wsr","width":292,"height":37,"caption":"FIBRA Soma"},"image":{"@id":"https:\/\/fibrasoma.group\/#\/schema\/logo\/image\/"}}]}},"_links":{"self":[{"href":"https:\/\/fibrasoma.group\/es\/wp-json\/wp\/v2\/pages\/1756","targetHints":{"allow":["GET"]}}],"collection":[{"href":"https:\/\/fibrasoma.group\/es\/wp-json\/wp\/v2\/pages"}],"about":[{"href":"https:\/\/fibrasoma.group\/es\/wp-json\/wp\/v2\/types\/page"}],"author":[{"embeddable":true,"href":"https:\/\/fibrasoma.group\/es\/wp-json\/wp\/v2\/users\/6"}],"replies":[{"embeddable":true,"href":"https:\/\/fibrasoma.group\/es\/wp-json\/wp\/v2\/comments?post=1756"}],"version-history":[{"count":549,"href":"https:\/\/fibrasoma.group\/es\/wp-json\/wp\/v2\/pages\/1756\/revisions"}],"predecessor-version":[{"id":5464,"href":"https:\/\/fibrasoma.group\/es\/wp-json\/wp\/v2\/pages\/1756\/revisions\/5464"}],"wp:attachment":[{"href":"https:\/\/fibrasoma.group\/es\/wp-json\/wp\/v2\/media?parent=1756"}],"curies":[{"name":"wp","href":"https:\/\/api.w.org\/{rel}","templated":true}]}}